{"id":31330,"date":"2014-12-22T00:06:30","date_gmt":"2014-12-22T00:06:30","guid":{"rendered":"https:\/\/www.antwerpor.com\/18k-gold\/custom-order\/boucles-doreilles-en-or-rose-et-diamants-de-0-30-carat\/"},"modified":"2019-08-03T09:36:23","modified_gmt":"2019-08-03T09:36:23","slug":"boucles-doreilles-en-or-rose-et-diamants-de-0-30-carat","status":"publish","type":"product","link":"https:\/\/www.antwerpor.com\/fr\/18k-gold\/boucles-doreille-en-diamants\/boucles-doreilles-en-or-rose-et-diamants-de-0-30-carat\/","title":{"rendered":"Boucles d&rsquo;oreilles en or rose et diamants de 0.30 carat"},"content":{"rendered":"","protected":false},"excerpt":{"rendered":"<p> Cette pi\u00e8ce unique est une paire de boucles d&rsquo;oreilles en diamants. C&rsquo;est un bijou compos\u00e9 d&rsquo;or rose de 18 carats. C&rsquo;est une paire de boucles d&rsquo;oreilles en diamants met en valeur votre go\u00fbt en mati\u00e8re de bijoux et ne manquera pas d&rsquo;ajouter un air raffin\u00e9 \u00e0 toute tenue que vous porteriez. [&#8230;]<\/p>\n","protected":false},"featured_media":8214,"template":"","meta":{"_acf_changed":false},"product_brand":[],"product_cat":[272],"product_tag":[654,282,280,599],"class_list":{"0":"post-31330","1":"product","2":"type-product","3":"status-publish","4":"has-post-thumbnail","6":"product_cat-boucles-doreille-en-diamants","7":"product_tag-bijoux-avec-diamants-noirs","8":"product_tag-boucles-doreilles-en-diamants","9":"product_tag-boucles-doreilles-en-or-18-carats","10":"product_tag-boucles-doreilles-en-or-rose","11":"odd","13":"first","14":"outofstock","15":"sold-individually","16":"taxable","17":"shipping-taxable","18":"purchasable","19":"product-type-simple"},"acf":[],"_links":{"self":[{"href":"https:\/\/www.antwerpor.com\/fr\/wp-json\/wp\/v2\/product\/31330","targetHints":{"allow":["GET"]}}],"collection":[{"href":"https:\/\/www.antwerpor.com\/fr\/wp-json\/wp\/v2\/product"}],"about":[{"href":"https:\/\/www.antwerpor.com\/fr\/wp-json\/wp\/v2\/types\/product"}],"wp:featuredmedia":[{"embeddable":true,"href":"https:\/\/www.antwerpor.com\/fr\/wp-json\/wp\/v2\/media\/8214"}],"wp:attachment":[{"href":"https:\/\/www.antwerpor.com\/fr\/wp-json\/wp\/v2\/media?parent=31330"}],"wp:term":[{"taxonomy":"product_brand","embeddable":true,"href":"https:\/\/www.antwerpor.com\/fr\/wp-json\/wp\/v2\/product_brand?post=31330"},{"taxonomy":"product_cat","embeddable":true,"href":"https:\/\/www.antwerpor.com\/fr\/wp-json\/wp\/v2\/product_cat?post=31330"},{"taxonomy":"product_tag","embeddable":true,"href":"https:\/\/www.antwerpor.com\/fr\/wp-json\/wp\/v2\/product_tag?post=31330"}],"curies":[{"name":"wp","href":"https:\/\/api.w.org\/{rel}","templated":true}]}}