{"id":31309,"date":"2014-12-22T00:08:05","date_gmt":"2014-12-22T00:08:05","guid":{"rendered":"https:\/\/www.antwerpor.com\/18k-gold\/custom-order\/boucles-doreilles-en-or-blanc-et-diamants-de-0-35-carat-2\/"},"modified":"2014-12-22T00:08:05","modified_gmt":"2014-12-22T00:08:05","slug":"boucles-doreilles-en-or-blanc-et-diamants-de-0-35-carat-2","status":"publish","type":"product","link":"https:\/\/www.antwerpor.com\/fr\/18k-gold\/boucles-doreille-en-diamants\/boucles-doreilles-en-or-blanc-et-diamants-de-0-35-carat-2\/","title":{"rendered":"Boucles d&rsquo;oreilles en or blanc et diamants de 0.35 carat"},"content":{"rendered":"","protected":false},"excerpt":{"rendered":"<p>Cette pi\u00e8ce sublime est une paire de boucles d&rsquo;oreilles en diamants. C&rsquo;est un bijou compos\u00e9 d&rsquo;or blanc de 18 carats. C&rsquo;est une paire de boucles d&rsquo;oreilles en diamants qui est quelque chose d&rsquo;un dernier mod\u00e8le des derni\u00e8res modes et \u00e9blouit ses spectateurs.[video width=\"1280\" height=\"720\" mp4=\"https:\/\/s3.amazonaws.com\/antwerporone\/video\/earrings\/0.35+Ct+Diamond+Earrings+With+0.93+Ct+Citrine+Made+of+18K+Yellow+Gold.mp4\"][\/video]  [&#8230;]<\/p>\n","protected":false},"featured_media":8167,"template":"","meta":{"_acf_changed":false},"product_brand":[],"product_cat":[272],"product_tag":[282,280,286],"class_list":{"0":"post-31309","1":"product","2":"type-product","3":"status-publish","4":"has-post-thumbnail","6":"product_cat-boucles-doreille-en-diamants","7":"product_tag-boucles-doreilles-en-diamants","8":"product_tag-boucles-doreilles-en-or-18-carats","9":"product_tag-boucles-doreilles-en-diamants-en-or-jaune","10":"odd","12":"first","13":"outofstock","14":"sold-individually","15":"taxable","16":"shipping-taxable","17":"purchasable","18":"product-type-simple"},"acf":[],"_links":{"self":[{"href":"https:\/\/www.antwerpor.com\/fr\/wp-json\/wp\/v2\/product\/31309","targetHints":{"allow":["GET"]}}],"collection":[{"href":"https:\/\/www.antwerpor.com\/fr\/wp-json\/wp\/v2\/product"}],"about":[{"href":"https:\/\/www.antwerpor.com\/fr\/wp-json\/wp\/v2\/types\/product"}],"wp:featuredmedia":[{"embeddable":true,"href":"https:\/\/www.antwerpor.com\/fr\/wp-json\/wp\/v2\/media\/8167"}],"wp:attachment":[{"href":"https:\/\/www.antwerpor.com\/fr\/wp-json\/wp\/v2\/media?parent=31309"}],"wp:term":[{"taxonomy":"product_brand","embeddable":true,"href":"https:\/\/www.antwerpor.com\/fr\/wp-json\/wp\/v2\/product_brand?post=31309"},{"taxonomy":"product_cat","embeddable":true,"href":"https:\/\/www.antwerpor.com\/fr\/wp-json\/wp\/v2\/product_cat?post=31309"},{"taxonomy":"product_tag","embeddable":true,"href":"https:\/\/www.antwerpor.com\/fr\/wp-json\/wp\/v2\/product_tag?post=31309"}],"curies":[{"name":"wp","href":"https:\/\/api.w.org\/{rel}","templated":true}]}}