{"id":31288,"date":"2014-12-22T00:09:38","date_gmt":"2014-12-22T00:09:38","guid":{"rendered":"https:\/\/www.antwerpor.com\/18k-gold\/custom-order\/boucles-doreilles-en-or-rose-et-diamants-de-0-50-carat-2\/"},"modified":"2018-02-21T21:10:29","modified_gmt":"2018-02-21T21:10:29","slug":"boucles-doreilles-en-or-blanc-et-diamants-de-0-50-carat-2","status":"publish","type":"product","link":"https:\/\/www.antwerpor.com\/fr\/18k-gold\/boucles-doreille-en-diamants\/boucles-doreilles-en-or-blanc-et-diamants-de-0-50-carat-2\/","title":{"rendered":"Boucles d&rsquo;oreilles en or blanc et diamants de 0.50 carat"},"content":{"rendered":"","protected":false},"excerpt":{"rendered":"<p>Cette pi\u00e8ce magnifique est une paire de boucles d&rsquo;oreilles en diamants. C&rsquo;est un bijou compos\u00e9 d&rsquo;or blanc de 18 carats. C&rsquo;est une paire de boucles d&rsquo;oreilles en diamants qui est un bijou fait \u00e0 la main par des experts et ne manquera pas d&rsquo;ajouter un air raffin\u00e9 \u00e0 toute tenue que vous porteriez.\u0647\u0630\u0627 \u0645\u062b\u064a\u0631 \u0623\u0642\u0631\u0627\u0637 \u0623\u0644\u0645\u0627\u0633 \u0645\u0635\u0646\u0648\u0639 \u0645\u0646 18 \u0642\u064a\u0631\u0627\u0637 \u0630\u0647\u0628 \u0623\u0628\u064a\u0636\u0627\u0644 \u0623\u0642\u0631\u0627\u0637 \u0623\u0644\u0645\u0627\u0633 \u0623\u0646\u062a \u062d\u0627\u0644\u064a\u0627\u064b \u062a\u0639\u0631\u0636\u064a\u0646 \u0645\u0635\u0646\u0648\u0639\u0629 \u064a\u062f\u0648\u064a\u0627\u064b \u0628\u0623\u064a\u062f\u064a \u062e\u0628\u0631\u0627\u0621\u0648 \u062a\u0636\u064a\u0641 \u0645\u0638\u0647\u0631 \u0645\u062a\u062c\u062f\u062f \u0644\u0643\u0644 \u0627\u0644\u0645\u0644\u0627\u0628\u0633 \u0627\u0644\u062a\u064a \u0642\u062f \u062a\u0631\u062a\u062f\u064a\u0647\u0627 [&#8230;]<\/p>\n","protected":false},"featured_media":11588,"template":"","meta":{"_acf_changed":false},"product_brand":[],"product_cat":[272],"product_tag":[282,280,284],"class_list":{"0":"post-31288","1":"product","2":"type-product","3":"status-publish","4":"has-post-thumbnail","6":"product_cat-boucles-doreille-en-diamants","7":"product_tag-boucles-doreilles-en-diamants","8":"product_tag-boucles-doreilles-en-or-18-carats","9":"product_tag-boucles-doreilles-en-or-blanc-et-diamants","10":"odd","12":"first","13":"instock","14":"sold-individually","15":"taxable","16":"shipping-taxable","17":"purchasable","18":"product-type-simple"},"acf":[],"_links":{"self":[{"href":"https:\/\/www.antwerpor.com\/fr\/wp-json\/wp\/v2\/product\/31288","targetHints":{"allow":["GET"]}}],"collection":[{"href":"https:\/\/www.antwerpor.com\/fr\/wp-json\/wp\/v2\/product"}],"about":[{"href":"https:\/\/www.antwerpor.com\/fr\/wp-json\/wp\/v2\/types\/product"}],"wp:featuredmedia":[{"embeddable":true,"href":"https:\/\/www.antwerpor.com\/fr\/wp-json\/wp\/v2\/media\/11588"}],"wp:attachment":[{"href":"https:\/\/www.antwerpor.com\/fr\/wp-json\/wp\/v2\/media?parent=31288"}],"wp:term":[{"taxonomy":"product_brand","embeddable":true,"href":"https:\/\/www.antwerpor.com\/fr\/wp-json\/wp\/v2\/product_brand?post=31288"},{"taxonomy":"product_cat","embeddable":true,"href":"https:\/\/www.antwerpor.com\/fr\/wp-json\/wp\/v2\/product_cat?post=31288"},{"taxonomy":"product_tag","embeddable":true,"href":"https:\/\/www.antwerpor.com\/fr\/wp-json\/wp\/v2\/product_tag?post=31288"}],"curies":[{"name":"wp","href":"https:\/\/api.w.org\/{rel}","templated":true}]}}