{"id":31281,"date":"2014-12-22T00:10:11","date_gmt":"2014-12-22T00:10:11","guid":{"rendered":"https:\/\/www.antwerpor.com\/18k-gold\/custom-order\/boucles-doreilles-en-or-rose-et-diamants-de-0-50-carat\/"},"modified":"2014-12-22T00:10:11","modified_gmt":"2014-12-22T00:10:11","slug":"boucles-doreilles-en-or-rose-et-diamants-de-0-50-carat","status":"publish","type":"product","link":"https:\/\/www.antwerpor.com\/fr\/18k-gold\/boucles-doreille-en-diamants\/boucles-doreilles-en-or-rose-et-diamants-de-0-50-carat\/","title":{"rendered":"Boucles d&rsquo;oreilles en or rose et diamants de 0.50 carat"},"content":{"rendered":"","protected":false},"excerpt":{"rendered":"<p>Cette pi\u00e8ce s\u00e9duisante est une paire de boucles d&rsquo;oreilles en diamants. C&rsquo;est un bijou compos\u00e9 d&rsquo;or rose de 18 carats. C&rsquo;est une paire de boucles d&rsquo;oreilles en diamants qui met en valeur votre go\u00fbt en mati\u00e8re de bijoux et ne manquera pas d&rsquo;ajouter un look classique \u00e0 toute tenue que vous porteriez.[video width=\"1280\" height=\"720\" mp4=\"https:\/\/s3.amazonaws.com\/antwerporone\/video\/earrings\/0.50+Ct+Diamond+Earrings+With+3.76+Ct+Amethyst+Made+of+18K+Rose+Gold.mp4\"][\/video] [&#8230;]<\/p>\n","protected":false},"featured_media":8126,"template":"","meta":{"_acf_changed":false},"product_brand":[],"product_cat":[272],"product_tag":[649,282,280,599],"class_list":{"0":"post-31281","1":"product","2":"type-product","3":"status-publish","4":"has-post-thumbnail","6":"product_cat-boucles-doreille-en-diamants","7":"product_tag-bijoux-en-diamants-amethyste","8":"product_tag-boucles-doreilles-en-diamants","9":"product_tag-boucles-doreilles-en-or-18-carats","10":"product_tag-boucles-doreilles-en-or-rose","11":"odd","13":"first","14":"instock","15":"sold-individually","16":"taxable","17":"shipping-taxable","18":"purchasable","19":"product-type-simple"},"acf":[],"_links":{"self":[{"href":"https:\/\/www.antwerpor.com\/fr\/wp-json\/wp\/v2\/product\/31281","targetHints":{"allow":["GET"]}}],"collection":[{"href":"https:\/\/www.antwerpor.com\/fr\/wp-json\/wp\/v2\/product"}],"about":[{"href":"https:\/\/www.antwerpor.com\/fr\/wp-json\/wp\/v2\/types\/product"}],"wp:featuredmedia":[{"embeddable":true,"href":"https:\/\/www.antwerpor.com\/fr\/wp-json\/wp\/v2\/media\/8126"}],"wp:attachment":[{"href":"https:\/\/www.antwerpor.com\/fr\/wp-json\/wp\/v2\/media?parent=31281"}],"wp:term":[{"taxonomy":"product_brand","embeddable":true,"href":"https:\/\/www.antwerpor.com\/fr\/wp-json\/wp\/v2\/product_brand?post=31281"},{"taxonomy":"product_cat","embeddable":true,"href":"https:\/\/www.antwerpor.com\/fr\/wp-json\/wp\/v2\/product_cat?post=31281"},{"taxonomy":"product_tag","embeddable":true,"href":"https:\/\/www.antwerpor.com\/fr\/wp-json\/wp\/v2\/product_tag?post=31281"}],"curies":[{"name":"wp","href":"https:\/\/api.w.org\/{rel}","templated":true}]}}