{"id":31199,"date":"2014-12-22T00:31:40","date_gmt":"2014-12-22T00:31:40","guid":{"rendered":"https:\/\/www.antwerpor.com\/18k-gold\/custom-order\/1-15-carats-boucles-doreilles-en-diamant\/"},"modified":"2018-10-16T13:11:40","modified_gmt":"2018-10-16T13:11:40","slug":"1-15-carats-boucles-doreilles-en-diamant","status":"publish","type":"product","link":"https:\/\/www.antwerpor.com\/fr\/18k-gold\/boucles-doreille-en-diamants\/1-15-carats-boucles-doreilles-en-diamant\/","title":{"rendered":"1.15 carats boucles d&rsquo;oreilles en diamant"},"content":{"rendered":"","protected":false},"excerpt":{"rendered":"<p>Cette pi\u00e8ce splendide est une paire de boucles d&rsquo;oreilles en diamants. C&rsquo;est un bijou compos\u00e9 d&rsquo;or jaune et blanc. C&rsquo;est une paire de boucles d&rsquo;oreilles en diamants qui est un bijou fait \u00e0 la main, fabriqu\u00e9 \u00e0 la perfection par des experts et a \u00e9t\u00e9 inspir\u00e9 par une allure antique.[video width=\"1280\" height=\"720\" mp4=\"https:\/\/s3.amazonaws.com\/antwerporone\/video\/earrings\/1.15+Ct+Diamond+Earrings+Made+of+18K+White+and+Yellow+Gold.mp4\"][\/video]  [&#8230;]<\/p>\n","protected":false},"featured_media":7888,"template":"","meta":{"_acf_changed":false},"product_brand":[],"product_cat":[272],"product_tag":[282,280,284,286],"class_list":{"0":"post-31199","1":"product","2":"type-product","3":"status-publish","4":"has-post-thumbnail","6":"product_cat-boucles-doreille-en-diamants","7":"product_tag-boucles-doreilles-en-diamants","8":"product_tag-boucles-doreilles-en-or-18-carats","9":"product_tag-boucles-doreilles-en-or-blanc-et-diamants","10":"product_tag-boucles-doreilles-en-diamants-en-or-jaune","11":"odd","13":"first","14":"instock","15":"sold-individually","16":"taxable","17":"shipping-taxable","18":"purchasable","19":"product-type-simple"},"acf":[],"_links":{"self":[{"href":"https:\/\/www.antwerpor.com\/fr\/wp-json\/wp\/v2\/product\/31199","targetHints":{"allow":["GET"]}}],"collection":[{"href":"https:\/\/www.antwerpor.com\/fr\/wp-json\/wp\/v2\/product"}],"about":[{"href":"https:\/\/www.antwerpor.com\/fr\/wp-json\/wp\/v2\/types\/product"}],"wp:featuredmedia":[{"embeddable":true,"href":"https:\/\/www.antwerpor.com\/fr\/wp-json\/wp\/v2\/media\/7888"}],"wp:attachment":[{"href":"https:\/\/www.antwerpor.com\/fr\/wp-json\/wp\/v2\/media?parent=31199"}],"wp:term":[{"taxonomy":"product_brand","embeddable":true,"href":"https:\/\/www.antwerpor.com\/fr\/wp-json\/wp\/v2\/product_brand?post=31199"},{"taxonomy":"product_cat","embeddable":true,"href":"https:\/\/www.antwerpor.com\/fr\/wp-json\/wp\/v2\/product_cat?post=31199"},{"taxonomy":"product_tag","embeddable":true,"href":"https:\/\/www.antwerpor.com\/fr\/wp-json\/wp\/v2\/product_tag?post=31199"}],"curies":[{"name":"wp","href":"https:\/\/api.w.org\/{rel}","templated":true}]}}