{"id":31036,"date":"2016-12-04T11:52:03","date_gmt":"2016-12-04T11:52:03","guid":{"rendered":"https:\/\/www.antwerpor.com\/18k-gold\/custom-order\/pendentif-avec-diamant-en-or-rose-0-39-carats-2\/"},"modified":"2018-02-21T09:31:58","modified_gmt":"2018-02-21T09:31:58","slug":"boucles-doreilles-en-or-rose-et-diamants-de-0-39-carat","status":"publish","type":"product","link":"https:\/\/www.antwerpor.com\/fr\/18k-gold\/boucles-doreille-en-diamants\/boucles-doreilles-en-or-rose-et-diamants-de-0-39-carat\/","title":{"rendered":"Boucles d&rsquo;oreilles en or rose et diamants de 0.39 carat"},"content":{"rendered":"","protected":false},"excerpt":{"rendered":"<p>Cette pi\u00e8ce splendide est une paire de boucles d&rsquo;oreilles en diamants. C&rsquo;est un bijou compos\u00e9 d&rsquo;or rose de 18 carats. C&rsquo;est une paire de boucles d&rsquo;oreilles en diamants qui est quelque chose d&rsquo;un dernier mod\u00e8le des derni\u00e8res modes et met en valeur votre go\u00fbt en mati\u00e8re de bijoux. [&#8230;]<\/p>\n","protected":false},"featured_media":12667,"template":"","meta":{"_acf_changed":false},"product_brand":[],"product_cat":[272],"product_tag":[654,282,280,599],"class_list":{"0":"post-31036","1":"product","2":"type-product","3":"status-publish","4":"has-post-thumbnail","6":"product_cat-boucles-doreille-en-diamants","7":"product_tag-bijoux-avec-diamants-noirs","8":"product_tag-boucles-doreilles-en-diamants","9":"product_tag-boucles-doreilles-en-or-18-carats","10":"product_tag-boucles-doreilles-en-or-rose","11":"odd","13":"first","14":"instock","15":"sold-individually","16":"taxable","17":"shipping-taxable","18":"purchasable","19":"product-type-simple"},"acf":[],"_links":{"self":[{"href":"https:\/\/www.antwerpor.com\/fr\/wp-json\/wp\/v2\/product\/31036","targetHints":{"allow":["GET"]}}],"collection":[{"href":"https:\/\/www.antwerpor.com\/fr\/wp-json\/wp\/v2\/product"}],"about":[{"href":"https:\/\/www.antwerpor.com\/fr\/wp-json\/wp\/v2\/types\/product"}],"wp:featuredmedia":[{"embeddable":true,"href":"https:\/\/www.antwerpor.com\/fr\/wp-json\/wp\/v2\/media\/12667"}],"wp:attachment":[{"href":"https:\/\/www.antwerpor.com\/fr\/wp-json\/wp\/v2\/media?parent=31036"}],"wp:term":[{"taxonomy":"product_brand","embeddable":true,"href":"https:\/\/www.antwerpor.com\/fr\/wp-json\/wp\/v2\/product_brand?post=31036"},{"taxonomy":"product_cat","embeddable":true,"href":"https:\/\/www.antwerpor.com\/fr\/wp-json\/wp\/v2\/product_cat?post=31036"},{"taxonomy":"product_tag","embeddable":true,"href":"https:\/\/www.antwerpor.com\/fr\/wp-json\/wp\/v2\/product_tag?post=31036"}],"curies":[{"name":"wp","href":"https:\/\/api.w.org\/{rel}","templated":true}]}}