{"id":30958,"date":"2014-12-19T07:56:21","date_gmt":"2014-12-19T07:56:21","guid":{"rendered":"https:\/\/www.antwerpor.com\/18k-gold\/custom-order\/pendentif-avec-diamant-en-or-jaune-0-27-carats\/"},"modified":"2014-12-19T07:56:21","modified_gmt":"2014-12-19T07:56:21","slug":"pendentif-avec-diamant-en-or-jaune-0-27-carats","status":"publish","type":"product","link":"https:\/\/www.antwerpor.com\/fr\/18k-gold\/pendentifs-diamants\/pendentif-avec-diamant-en-or-jaune-0-27-carats\/","title":{"rendered":"Pendentif avec diamant en or jaune 0.27 carats"},"content":{"rendered":"","protected":false},"excerpt":{"rendered":"<p>Cette pi\u00e8ce magnifique est un pendant en diamant. C&rsquo;est un bijou fabriqu\u00e9 d&rsquo;or jaune de 18 carats. C&rsquo;est un pendant en diamant qui impressionne quiconque avec son \u00e9l\u00e9gance et est un joli bijou fait \u00e0 la main, fabriqu\u00e9 \u00e0 la perfection par des experts. [&#8230;]<\/p>\n","protected":false},"featured_media":12285,"template":"","meta":{"_acf_changed":false},"product_brand":[],"product_cat":[276],"product_tag":[337,339,408],"class_list":{"0":"post-30958","1":"product","2":"type-product","3":"status-publish","4":"has-post-thumbnail","6":"product_cat-pendentifs-diamants","7":"product_tag-diamond-pendants-fr","8":"product_tag-pendentifs-en-or-18-carats","9":"product_tag-pendentifs-en-or-rose-et-diamants","10":"odd","12":"first","13":"instock","14":"sold-individually","15":"taxable","16":"shipping-taxable","17":"purchasable","18":"product-type-simple"},"acf":[],"_links":{"self":[{"href":"https:\/\/www.antwerpor.com\/fr\/wp-json\/wp\/v2\/product\/30958","targetHints":{"allow":["GET"]}}],"collection":[{"href":"https:\/\/www.antwerpor.com\/fr\/wp-json\/wp\/v2\/product"}],"about":[{"href":"https:\/\/www.antwerpor.com\/fr\/wp-json\/wp\/v2\/types\/product"}],"wp:featuredmedia":[{"embeddable":true,"href":"https:\/\/www.antwerpor.com\/fr\/wp-json\/wp\/v2\/media\/12285"}],"wp:attachment":[{"href":"https:\/\/www.antwerpor.com\/fr\/wp-json\/wp\/v2\/media?parent=30958"}],"wp:term":[{"taxonomy":"product_brand","embeddable":true,"href":"https:\/\/www.antwerpor.com\/fr\/wp-json\/wp\/v2\/product_brand?post=30958"},{"taxonomy":"product_cat","embeddable":true,"href":"https:\/\/www.antwerpor.com\/fr\/wp-json\/wp\/v2\/product_cat?post=30958"},{"taxonomy":"product_tag","embeddable":true,"href":"https:\/\/www.antwerpor.com\/fr\/wp-json\/wp\/v2\/product_tag?post=30958"}],"curies":[{"name":"wp","href":"https:\/\/api.w.org\/{rel}","templated":true}]}}