{"id":30842,"date":"2015-12-26T15:51:29","date_gmt":"2015-12-26T15:51:29","guid":{"rendered":"https:\/\/www.antwerpor.com\/18k-gold\/custom-order\/pendentif-avec-diamant-en-or-rose-0-18-carats\/"},"modified":"2015-12-26T15:51:29","modified_gmt":"2015-12-26T15:51:29","slug":"pendentif-avec-diamant-en-or-rose-0-18-carats","status":"publish","type":"product","link":"https:\/\/www.antwerpor.com\/fr\/18k-gold\/pendentifs-diamants\/pendentif-avec-diamant-en-or-rose-0-18-carats\/","title":{"rendered":"Pendentif avec diamant en or rose 0.18 carats"},"content":{"rendered":"","protected":false},"excerpt":{"rendered":"<p>Cette pi\u00e8ce magnifique est un pendant en diamant. C&rsquo;est un bijou compos\u00e9 d&rsquo;or rose de 18 carats. C&rsquo;est un pendant en diamant qui est quelque chose d&rsquo;un dernier mod\u00e8le des derni\u00e8res modes et ajoute un air simple et \u00e9l\u00e9gant \u00e0 votre look. [&#8230;]<\/p>\n","protected":false},"featured_media":12187,"template":"","meta":{"_acf_changed":false},"product_brand":[],"product_cat":[276],"product_tag":[337,339,408],"class_list":{"0":"post-30842","1":"product","2":"type-product","3":"status-publish","4":"has-post-thumbnail","6":"product_cat-pendentifs-diamants","7":"product_tag-diamond-pendants-fr","8":"product_tag-pendentifs-en-or-18-carats","9":"product_tag-pendentifs-en-or-rose-et-diamants","10":"odd","12":"first","13":"outofstock","14":"sale","15":"sold-individually","16":"taxable","17":"shipping-taxable","18":"purchasable","19":"product-type-simple"},"acf":[],"_links":{"self":[{"href":"https:\/\/www.antwerpor.com\/fr\/wp-json\/wp\/v2\/product\/30842","targetHints":{"allow":["GET"]}}],"collection":[{"href":"https:\/\/www.antwerpor.com\/fr\/wp-json\/wp\/v2\/product"}],"about":[{"href":"https:\/\/www.antwerpor.com\/fr\/wp-json\/wp\/v2\/types\/product"}],"wp:featuredmedia":[{"embeddable":true,"href":"https:\/\/www.antwerpor.com\/fr\/wp-json\/wp\/v2\/media\/12187"}],"wp:attachment":[{"href":"https:\/\/www.antwerpor.com\/fr\/wp-json\/wp\/v2\/media?parent=30842"}],"wp:term":[{"taxonomy":"product_brand","embeddable":true,"href":"https:\/\/www.antwerpor.com\/fr\/wp-json\/wp\/v2\/product_brand?post=30842"},{"taxonomy":"product_cat","embeddable":true,"href":"https:\/\/www.antwerpor.com\/fr\/wp-json\/wp\/v2\/product_cat?post=30842"},{"taxonomy":"product_tag","embeddable":true,"href":"https:\/\/www.antwerpor.com\/fr\/wp-json\/wp\/v2\/product_tag?post=30842"}],"curies":[{"name":"wp","href":"https:\/\/api.w.org\/{rel}","templated":true}]}}