{"id":30828,"date":"2015-12-27T17:08:09","date_gmt":"2015-12-27T17:08:09","guid":{"rendered":"https:\/\/www.antwerpor.com\/18k-gold\/custom-order\/pendentif-avec-diamant-en-or-blanc-0-22-carats\/"},"modified":"2015-12-27T17:08:09","modified_gmt":"2015-12-27T17:08:09","slug":"pendentif-avec-diamant-en-or-blanc-0-22-carats","status":"publish","type":"product","link":"https:\/\/www.antwerpor.com\/fr\/18k-gold\/pendentifs-diamants\/pendentif-avec-diamant-en-or-blanc-0-22-carats\/","title":{"rendered":"Pendentif avec diamant en or blanc 0.22 carats"},"content":{"rendered":"","protected":false},"excerpt":{"rendered":"<p>Cette pi\u00e8ce sublime est un pendant en diamant. C&rsquo;est un bijou compos\u00e9 d&rsquo;or blanc de 18 carats. C&rsquo;est un pendant en diamant qui est un bijou fait \u00e0 la main, fabriqu\u00e9 \u00e0 la perfection par des experts et illuminera l&rsquo;apparence de la personne qui le porte. [&#8230;]<\/p>\n","protected":false},"featured_media":11245,"template":"","meta":{"_acf_changed":false},"product_brand":[],"product_cat":[276],"product_tag":[654,337,339,338],"class_list":{"0":"post-30828","1":"product","2":"type-product","3":"status-publish","4":"has-post-thumbnail","6":"product_cat-pendentifs-diamants","7":"product_tag-bijoux-avec-diamants-noirs","8":"product_tag-diamond-pendants-fr","9":"product_tag-pendentifs-en-or-18-carats","10":"product_tag-pendentifs-en-or-blanc-avec-diamants","11":"odd","13":"first","14":"instock","15":"sold-individually","16":"taxable","17":"shipping-taxable","18":"purchasable","19":"product-type-simple"},"acf":[],"_links":{"self":[{"href":"https:\/\/www.antwerpor.com\/fr\/wp-json\/wp\/v2\/product\/30828","targetHints":{"allow":["GET"]}}],"collection":[{"href":"https:\/\/www.antwerpor.com\/fr\/wp-json\/wp\/v2\/product"}],"about":[{"href":"https:\/\/www.antwerpor.com\/fr\/wp-json\/wp\/v2\/types\/product"}],"wp:featuredmedia":[{"embeddable":true,"href":"https:\/\/www.antwerpor.com\/fr\/wp-json\/wp\/v2\/media\/11245"}],"wp:attachment":[{"href":"https:\/\/www.antwerpor.com\/fr\/wp-json\/wp\/v2\/media?parent=30828"}],"wp:term":[{"taxonomy":"product_brand","embeddable":true,"href":"https:\/\/www.antwerpor.com\/fr\/wp-json\/wp\/v2\/product_brand?post=30828"},{"taxonomy":"product_cat","embeddable":true,"href":"https:\/\/www.antwerpor.com\/fr\/wp-json\/wp\/v2\/product_cat?post=30828"},{"taxonomy":"product_tag","embeddable":true,"href":"https:\/\/www.antwerpor.com\/fr\/wp-json\/wp\/v2\/product_tag?post=30828"}],"curies":[{"name":"wp","href":"https:\/\/api.w.org\/{rel}","templated":true}]}}