{"id":30821,"date":"2015-12-27T17:38:08","date_gmt":"2015-12-27T17:38:08","guid":{"rendered":"https:\/\/www.antwerpor.com\/18k-gold\/custom-order\/pendentif-avec-diamant-en-or-jaune-0-17-carats\/"},"modified":"2015-12-27T17:38:08","modified_gmt":"2015-12-27T17:38:08","slug":"pendentif-avec-diamant-en-or-jaune-0-17-carats","status":"publish","type":"product","link":"https:\/\/www.antwerpor.com\/fr\/18k-gold\/pendentifs-diamants\/pendentif-avec-diamant-en-or-jaune-0-17-carats\/","title":{"rendered":"Pendentif avec diamant en or jaune 0.17 carats"},"content":{"rendered":"","protected":false},"excerpt":{"rendered":"<p>Cette pi\u00e8ce classique est un pendant en diamant. C&rsquo;est un bijou compos\u00e9 d&rsquo;or jaune de 18 carats. C&rsquo;est un pendant en diamant qui est un tr\u00e9sor sans pareil et est une pi\u00e8ce parfaite pour n&rsquo;importe quelle tenue. [&#8230;]<\/p>\n","protected":false},"featured_media":11574,"template":"","meta":{"_acf_changed":false},"product_brand":[],"product_cat":[276],"product_tag":[337,339,578],"class_list":{"0":"post-30821","1":"product","2":"type-product","3":"status-publish","4":"has-post-thumbnail","6":"product_cat-pendentifs-diamants","7":"product_tag-diamond-pendants-fr","8":"product_tag-pendentifs-en-or-18-carats","9":"product_tag-pendentifs-en-or-jaune-et-diamants","10":"odd","12":"first","13":"instock","14":"sale","15":"sold-individually","16":"taxable","17":"shipping-taxable","18":"purchasable","19":"product-type-simple"},"acf":[],"_links":{"self":[{"href":"https:\/\/www.antwerpor.com\/fr\/wp-json\/wp\/v2\/product\/30821","targetHints":{"allow":["GET"]}}],"collection":[{"href":"https:\/\/www.antwerpor.com\/fr\/wp-json\/wp\/v2\/product"}],"about":[{"href":"https:\/\/www.antwerpor.com\/fr\/wp-json\/wp\/v2\/types\/product"}],"wp:featuredmedia":[{"embeddable":true,"href":"https:\/\/www.antwerpor.com\/fr\/wp-json\/wp\/v2\/media\/11574"}],"wp:attachment":[{"href":"https:\/\/www.antwerpor.com\/fr\/wp-json\/wp\/v2\/media?parent=30821"}],"wp:term":[{"taxonomy":"product_brand","embeddable":true,"href":"https:\/\/www.antwerpor.com\/fr\/wp-json\/wp\/v2\/product_brand?post=30821"},{"taxonomy":"product_cat","embeddable":true,"href":"https:\/\/www.antwerpor.com\/fr\/wp-json\/wp\/v2\/product_cat?post=30821"},{"taxonomy":"product_tag","embeddable":true,"href":"https:\/\/www.antwerpor.com\/fr\/wp-json\/wp\/v2\/product_tag?post=30821"}],"curies":[{"name":"wp","href":"https:\/\/api.w.org\/{rel}","templated":true}]}}