{"id":30780,"date":"2016-09-29T10:23:28","date_gmt":"2016-09-29T10:23:28","guid":{"rendered":"https:\/\/www.antwerpor.com\/18k-gold\/custom-order\/pendentif-avec-diamant-en-or-blanc-0-50-carats\/"},"modified":"2016-09-29T10:23:28","modified_gmt":"2016-09-29T10:23:28","slug":"pendentif-avec-diamant-en-or-blanc-0-50-carats","status":"publish","type":"product","link":"https:\/\/www.antwerpor.com\/fr\/18k-gold\/pendentifs-diamants\/pendentif-avec-diamant-en-or-blanc-0-50-carats\/","title":{"rendered":"Pendentif avec diamant en or blanc 0.50 carats"},"content":{"rendered":"","protected":false},"excerpt":{"rendered":"<p>Cette pi\u00e8ce splendide est un pendant en diamant. C&rsquo;est un bijou compos\u00e9 d&rsquo;or blanc de 18 carats. C&rsquo;est un pendant en diamant qui se distingue absolument et qui assure que vous ne passerez pas inaper\u00e7u et refl\u00e8te sa lumi\u00e8re sous de nombreux angles. <\/p>\n[video width=\"1280\" height=\"720\" mp4=\"https:\/\/s3.amazonaws.com\/antwerporone\/video\/White+Gold+Pear+Shaped+0.50+Ct+Diamond+Pendant.mp4\"][\/video]\n<p>  [&#8230;]<\/p>\n","protected":false},"featured_media":12010,"template":"","meta":{"_acf_changed":false},"product_brand":[],"product_cat":[276],"product_tag":[337,339,338],"class_list":{"0":"post-30780","1":"product","2":"type-product","3":"status-publish","4":"has-post-thumbnail","6":"product_cat-pendentifs-diamants","7":"product_tag-diamond-pendants-fr","8":"product_tag-pendentifs-en-or-18-carats","9":"product_tag-pendentifs-en-or-blanc-avec-diamants","10":"odd","12":"first","13":"instock","14":"sold-individually","15":"taxable","16":"shipping-taxable","17":"purchasable","18":"product-type-simple"},"acf":[],"_links":{"self":[{"href":"https:\/\/www.antwerpor.com\/fr\/wp-json\/wp\/v2\/product\/30780","targetHints":{"allow":["GET"]}}],"collection":[{"href":"https:\/\/www.antwerpor.com\/fr\/wp-json\/wp\/v2\/product"}],"about":[{"href":"https:\/\/www.antwerpor.com\/fr\/wp-json\/wp\/v2\/types\/product"}],"wp:featuredmedia":[{"embeddable":true,"href":"https:\/\/www.antwerpor.com\/fr\/wp-json\/wp\/v2\/media\/12010"}],"wp:attachment":[{"href":"https:\/\/www.antwerpor.com\/fr\/wp-json\/wp\/v2\/media?parent=30780"}],"wp:term":[{"taxonomy":"product_brand","embeddable":true,"href":"https:\/\/www.antwerpor.com\/fr\/wp-json\/wp\/v2\/product_brand?post=30780"},{"taxonomy":"product_cat","embeddable":true,"href":"https:\/\/www.antwerpor.com\/fr\/wp-json\/wp\/v2\/product_cat?post=30780"},{"taxonomy":"product_tag","embeddable":true,"href":"https:\/\/www.antwerpor.com\/fr\/wp-json\/wp\/v2\/product_tag?post=30780"}],"curies":[{"name":"wp","href":"https:\/\/api.w.org\/{rel}","templated":true}]}}