{"id":13294,"date":"2018-01-23T03:46:31","date_gmt":"2018-01-23T03:46:31","guid":{"rendered":"https:\/\/www.antwerpor.com\/education-a-lor\/"},"modified":"2018-10-08T10:26:13","modified_gmt":"2018-10-08T10:26:13","slug":"education-a-lor","status":"publish","type":"page","link":"https:\/\/www.antwerpor.com\/fr\/education-a-lor\/","title":{"rendered":"\u00c9ducation \u00e0 l&rsquo;or"},"content":{"rendered":"<div class=\"education\">\n<style>.educationright {\nmax-width:200px;float: left!important;font-weight:bold !important;text-align:center!important;padding-bottom:20px!important;}<\/style>\n<div class = \"educationleft\" style = \"margin-bottom: 0px;\"><a name=\"gold-education\"><\/p>\n<h1> <\/a> <b> \u00c9ducation \u00e0 l&rsquo;or<\/b> <\/h1>\n<\/div>\n<div class = \"clear\"> <\/div>\n<div class = \"h2\"> <a name=\"gold-production-and-mining\"><\/p>\n<h2> <\/a> \u00a0<br \/>\n Premi\u00e8re partie : Production d&rsquo;or et exploitation mini\u00e8re<br \/>\n<\/h2>\n<\/p><\/div>\n<div class = \"clear\"> <\/div>\n<div class = \"educationleft\">\nLa plupart des artefacts les plus anciens trouv\u00e9s proviennent d&rsquo;\u00c9gypte, \u00e0 partir de 6000 av. Les principales sources d&rsquo;or pendant cette p\u00e9riode s&rsquo;appellent Etbai. Les arch\u00e9ologues ont d\u00e9couvert beaucoup d&rsquo;anciennes installations dans ces r\u00e9gions qui ont \u00e9t\u00e9 utilis\u00e9es pour l&rsquo;extraction et la production d&rsquo;or. L&rsquo;ancienne m\u00e9thode d&rsquo;extraction et de production d&rsquo;or \u00e9gyptien consistait \u00e0 briser les pierres qui contiennent de l&rsquo;or sous la chaleur. Ces blocs de pierre ont ensuite \u00e9t\u00e9 pulv\u00e9ris\u00e9s, facilitant le lavage et le filtrage des mat\u00e9riaux. Le principal probl\u00e8me \u00e9tait l&rsquo;acquisition de quantit\u00e9s substantielles d&rsquo;eau et il \u00e9tait tr\u00e8s b\u00e9n\u00e9fique d&rsquo;avoir une mine d&rsquo;or pr\u00e8s d&rsquo;une source d&rsquo;eau, car le transfert de grandes quantit\u00e9s d&rsquo;eau \u00e9tait tr\u00e8s probl\u00e9matique. De nos jours, la m\u00eame m\u00e9thode est utilis\u00e9e, sauf beaucoup plus pr\u00e9cis et scientifique, moins brut et beaucoup plus efficace. L&rsquo;analyse du sol est effectu\u00e9e pour estimer la quantit\u00e9 d&rsquo;or dans le sol et s&rsquo;il serait possible de tirer profit de l&rsquo;extraction.<\/p>\n<\/div>\n<div class = \"educationright\"> <img src = \"https:\/\/www.antwerpor.com\/education\/20121026164056_1.jpg\"><br \/>\nOr en cours d&rsquo;extraction\n <\/div>\n<div class=\"clear\"><\/div>\n<div class = \"education\">\n<p> De loin, la plupart des sols ne valent pas la peine d&rsquo;\u00eatre exploit\u00e9s. Au lieu des anciennes m\u00e9thodes manuelles, les pipelines peuvent maintenant \u00eatre utilis\u00e9s au lieu d&rsquo;\u00eatre pr\u00e8s d&rsquo;une rivi\u00e8re et les machines ont remplac\u00e9 une grande partie du travail manuel.\n<\/p><\/div>\n<div class = \"educationleft\" style=\"float:right;\">\n\u00a0<br \/>\nLes sols les plus riches et les plus min\u00e9s pour l&rsquo;acquisition d&rsquo;or sont situ\u00e9s dans une partie relativement petite de la partie sud de l&rsquo;Afrique, comme Johannesburg. De nos jours, les mines d&rsquo;or sont creus\u00e9es jusqu&rsquo;\u00e0 une profondeur de plusieurs kilom\u00e8tres sous terre. Pour ces raisons, Johannesburg abrite des technologies \/ \u00e9quipements miniers tr\u00e8s avanc\u00e9s. Presque tout l&rsquo;or de la terre est cach\u00e9 profond\u00e9ment dans sa cro\u00fbte. La raison pour laquelle cette zone en Afrique du Sud est si riche en or est due \u00e0 un m\u00e9t\u00e9ore qui a frapp\u00e9 la terre il y a environ 1 milliard d&rsquo;ann\u00e9es, apportant une grande partie de l&rsquo;or cach\u00e9 dans cette r\u00e9gion aux couches sup\u00e9rieures de la terre.<\/p>\n<\/div >\n<div class = \"educationright\"> <img src = \"https:\/\/businessnetworkswdotorg.files.wordpress.com\/2014\/01\/5b71f-gold-nugget-2.jpg\"> <br \/>une p\u00e9pite d&rsquo;or\n <\/div >\n<p>\u00a0<\/p>\n<div class = \"clear\"> <\/div>\n<div class = \"h2\"> <a name=\"gold-as-a-metal\"><\/p>\n<h2> <\/a> \u00a0<br \/>\nl&rsquo;or comme m\u00e9tal<\/h2>\n<\/p><\/div>\n<div class = \"educationleft\">\nOr (Au) a le num\u00e9ro 79 sur le tableau p\u00e9riodique. Le noyau atomique du m\u00e9tal jaune contient 79 protons charg\u00e9s positivement et 79 \u00e9lectrons charg\u00e9s n\u00e9gativement. L&rsquo;or a un poids atomique de 196 967. De plus, l&rsquo;or poss\u00e8de 118 neutrons, ce qui signifie que la charge est neutre. Bien que certaines r\u00e9actions chimiques importantes puissent se produire dans les laboratoires, en g\u00e9n\u00e9ral, l&rsquo;or est consid\u00e9r\u00e9 comme l&rsquo;un des m\u00e9taux les moins r\u00e9actifs. Dans cet aspect, l&rsquo;or est un m\u00e9tal extr\u00eamement r\u00e9sistant et durable. Contrairement \u00e0 d&rsquo;autres m\u00e9taux, l&rsquo;or est \u00e9galement incapable d&rsquo;oxyder directement. L&rsquo;or a une masse volumique relativement importante, de l&rsquo;ordre de 19,3 grammes par centim\u00e8tre cube (19,3 g \/ cm\u00b2). L&rsquo;or est le septi\u00e8me \u00e9l\u00e9ment le plus dense et le cinqui\u00e8me m\u00e9tal le plus dense sur terre. La petite liste d&rsquo;\u00e9l\u00e9ments avec une masse volumique plus \u00e9lev\u00e9e est (dans l&rsquo;ordre) : Osmium, Iridium, Platine, Rh\u00e9nium, Neptunium et Plutonium.\n<\/div>\n<div class = \"educationright\"> <img src = \"https:\/\/www.antwerpor.com\/education\/stylisedlithiumatom_1.png\"> <br \/>\nUn atome d&rsquo;or.\n <\/div>\n<div class=\"clear\"><\/div>\n<div class = \"education\">\n<p>\u00a0<br \/>\nLe point de fusion de l&rsquo;or est 1063 CC \/ 1336, 16 K. Apr\u00e8s que l&rsquo;or se soit refroidi \u00e0 la temp\u00e9rature ambiante, sa masse se r\u00e9tracte d&rsquo;environ 2%. Il est tr\u00e8s facile de sortir d&rsquo;un moule pour cette raison. Une autre propri\u00e9t\u00e9 chimique importante de l&rsquo;or est qu&rsquo;il est l&rsquo;un des meilleurs conducteurs. Il y a de meilleurs conducteurs, mais ils ne sont pas aussi chimiquement non r\u00e9actifs. Pour cette raison \u00e0 peu pr\u00e8s chaque pi\u00e8ce d&rsquo;\u00e9lectronique contient de l&rsquo;or. L&rsquo;ordinateur de bureau moyen contient environ deux grammes d&rsquo;or.\n <\/p><\/div>\n<div class = \"clear\"> <\/div>\n<div class = \"h2\"> <a name=\"gold-karats\"> <\/p>\n<h2> <\/a>  \u00a0<br \/>\nCarats d&rsquo;or et Puret\u00e9<br \/>\n <\/h2>\n<\/div>\n<div class = \"clear\"> <\/div>\n<div class = \"educationleft\" style=\"float:right;\">\nLe carat d&rsquo;or est utilis\u00e9 comme mesure de la puret\u00e9 des bijoux en or. L&rsquo;or pur est de l&rsquo;or 24 carats.<br \/>\nL&rsquo;or 24 carats est surtout utilis\u00e9 pour le commerce de l&rsquo;or et comme une \u00e9tape tr\u00e8s pr\u00e9coce dans la production de bijoux fins. Aucun bijoutier utilise de l&rsquo;or 24 carats pour les bijoux pour plusieurs raisons. Or 24 carats (or pur) est tr\u00e8s difficile \u00e0 travailler en raison de sa nature fragile, ce qui rend difficile \u00e0 fa\u00e7onner. Cependant, en supposant qu&rsquo;il soit vers\u00e9 dans un moule et ne n\u00e9cessite aucune modification physique, l&rsquo;or pur est encore peu utile dans les bijoux car il est beaucoup plus enclin \u00e0 se casser, \u00e0 s&rsquo;incruster et \u00e0 changer de forme \u00e0 cause de la pression. Consid\u00e9rant la long\u00e9vit\u00e9 de chaque bijou est l&rsquo;une des plus grandes priorit\u00e9s de chaque bijoutier, un m\u00e9lange de m\u00e9taux tr\u00e8s forts sont ajout\u00e9s au m\u00e9lange, comme le titane. La plupart des bijoutiers utilisent 18k comme norme, en raison de sa grande puret\u00e9 d&rsquo;or et de sa nature forte. <\/p><\/div>\n<div class = \"educationright\"> <img src = \"https:\/\/www.antwerpor.com\/education\/karat-scale.gif\"> <br \/> <br \/>\nBalance en or carats<\/p>\n<\/div>\n<div class = \"educationleft\">\n\u00a0<br \/>\nLes bijoux en or de moins de 18k, tels que l&rsquo;un des standards de 14k, sont consid\u00e9r\u00e9s comme trop bas par les joailliers. D&rsquo;un autre c\u00f4t\u00e9, 22 qui est la norme dans de nombreux pays asiatiques, est consid\u00e9r\u00e9 comme n&rsquo;\u00e9tant pas assez durable pour \u00eatre port\u00e9 longtemps. Beaucoup de beaux bijoux sont serties de diamants, augmentant seulement le besoin d&rsquo;autres m\u00e9taux forts pour maintenir la pr\u00e9cieuse gemme en place. En bref, l&rsquo;or 18 carats assure la puret\u00e9 \u00e9lev\u00e9e de l&rsquo;or tout en conservant sa durabilit\u00e9 pendant de nombreuses ann\u00e9es. Un fait tr\u00e8s int\u00e9ressant concernant le carat d&rsquo;or est que l&rsquo;or blanc n&rsquo;existe pas sous une forme pure. L&rsquo;or blanc est en fait de l&rsquo;or jaune, mais un m\u00e9lange de m\u00e9taux blancs le fait appara\u00eetre blanc, le diff\u00e9renciant entre l&rsquo;or jaune.<\/p>\n<\/div>\n<div class = \"educationright\" style = \"font-size: 15px; width:200px;\">\n<B> <i><br \/>\nCarat d&rsquo;or et puret\u00e9s<br \/>\n <\/i> <\/b><\/p>\n<p>58.33% = 14k <br \/>\n75,00% = 18k <br \/>\n91,66% = 22k <br \/>\n95,83% = 23k <br \/>\n100% = 24k  <\/div>\n<p>\u00a0<br \/>\n\u00a0 <\/p><\/div>\n<p>\u00a0<\/p>\n<p>\u00a0<br \/>\n\u00a0<\/p>\n<div class = \"clear\"> <\/div>\n<\/div>\n<p>\u00a0<\/p>\n","protected":false},"excerpt":{"rendered":"<p> .educationright { max-width:200px;float: left!important;font-weight:bold !important;text-align:center!important;padding-bottom:20px!important;} <\/p>\n<p> \u00c9ducation \u00e0 l&rsquo;or <\/p>\n<p> Premi\u00e8re partie : Production d&rsquo;or et exploitation mini\u00e8re <\/p>\n<p> La plupart des artefacts les plus anciens trouv\u00e9s proviennent d&rsquo;\u00c9gypte, \u00e0 partir de 6000 av. Les principales sources d&rsquo;or pendant cette p\u00e9riode s&rsquo;appellent Etbai. Les arch\u00e9ologues ont d\u00e9couvert beaucoup d&rsquo;anciennes installations dans ces r\u00e9gions qui [&#8230;]<\/p>\n","protected":false},"author":1,"featured_media":0,"parent":0,"menu_order":0,"comment_status":"closed","ping_status":"closed","template":"","meta":{"_acf_changed":false,"footnotes":""},"class_list":["post-13294","page","type-page","status-publish","hentry","odd"],"acf":[],"_links":{"self":[{"href":"https:\/\/www.antwerpor.com\/fr\/wp-json\/wp\/v2\/pages\/13294","targetHints":{"allow":["GET"]}}],"collection":[{"href":"https:\/\/www.antwerpor.com\/fr\/wp-json\/wp\/v2\/pages"}],"about":[{"href":"https:\/\/www.antwerpor.com\/fr\/wp-json\/wp\/v2\/types\/page"}],"author":[{"embeddable":true,"href":"https:\/\/www.antwerpor.com\/fr\/wp-json\/wp\/v2\/users\/1"}],"replies":[{"embeddable":true,"href":"https:\/\/www.antwerpor.com\/fr\/wp-json\/wp\/v2\/comments?post=13294"}],"version-history":[{"count":13,"href":"https:\/\/www.antwerpor.com\/fr\/wp-json\/wp\/v2\/pages\/13294\/revisions"}],"predecessor-version":[{"id":40269,"href":"https:\/\/www.antwerpor.com\/fr\/wp-json\/wp\/v2\/pages\/13294\/revisions\/40269"}],"wp:attachment":[{"href":"https:\/\/www.antwerpor.com\/fr\/wp-json\/wp\/v2\/media?parent=13294"}],"curies":[{"name":"wp","href":"https:\/\/api.w.org\/{rel}","templated":true}]}}