{"id":13273,"date":"2018-01-22T11:38:46","date_gmt":"2018-01-22T11:38:46","guid":{"rendered":"https:\/\/www.antwerpor.com\/comment-mesurer-votre-taille-de-bague-a-la-maison\/"},"modified":"2018-10-03T20:52:20","modified_gmt":"2018-10-03T20:52:20","slug":"comment-mesurer-votre-taille-de-bague-a-la-maison","status":"publish","type":"page","link":"https:\/\/www.antwerpor.com\/fr\/comment-mesurer-votre-taille-de-bague-a-la-maison\/","title":{"rendered":"Comment mesurer votre taille de bague \u00e0 la maison"},"content":{"rendered":"<div class=\"content2\">\n<style>.content2 p{text-align:left;}<\/style>\n<p>&nbsp;<\/p>\n<h2>\nComment mesurer votre taille de bague \u00e0 la maison<br \/>\n<\/h2>\n<p>\u00a0<br \/>\nLes bijoux sont un aspect de la vie que chaque femme adore. Qu&rsquo;il s&rsquo;agisse de colliers captivants ou d&rsquo;anneaux envo\u00fbtants, les bijoux sont simplement une partie \u00e9l\u00e9gante de la beaut\u00e9 f\u00e9minine. Avec le temps qui passe, obtenir les bijoux les plus ravissants est devenu plus facile que jamais. Vous pouvez simplement commander de belles babioles en ligne, sans m\u00eame prendre la peine de parcourir les magasins. Cependant, un probl\u00e8me commun que les femmes font face lors de l&rsquo;achat de bijoux, en particulier des bagues, en ligne est le tableau des tailles. Comment savez-vous quel diam\u00e8tre vos doigts sont ? Personne ne veut obtenir la mauvaise circonf\u00e9rence quand il s&rsquo;agit de bijoux exotiques et de bagues en diamant enchanteur. Alors, comment faites-vous ? Pour vous aider, ici nous avons compil\u00e9 3 fa\u00e7ons que vous pouvez utiliser pour trouver votre taille de bague \u00e0 la maison facilement.<br \/>\n\u00a0 <\/p>\n<h3>\nComment mesurer la taille \u00e0 l&rsquo;aide de bandes de papier<br \/>\n<\/h3>\n<p>\u00a0<br \/>\nLa fa\u00e7on la plus simple de mesurer la circonf\u00e9rence de votre anneau consiste \u00e0 utiliser de simples bandes de papier. Tout ce dont vous avez besoin est une fine bande de papier, assez longue pour rouler quelque chose d&rsquo;aussi \u00e9pais qu&rsquo;un doigt et une r\u00e8gle. Maintenant, ce que vous devez faire est simple. Juste rouler la bande de papier autour de votre doigt, juste au-dessus de la jointure. C&rsquo;est la partie la plus large du doigt et d\u00e9cidera de la largeur pr\u00e9cise de votre bague. Placez une marque o\u00f9 la bande se termine et ensuite mesurer la bande avec une r\u00e8gle. Cela vous donnera une mesure que vous pouvez comparer avec un graphique en ligne comme celui donn\u00e9 ci-dessous facilement.<br \/>\n\u00a0 <\/p>\n<h3>\nComment mesurer la taille de l&rsquo;anneau avec une ficelle<br \/>\n<\/h3>\n<p>\u00a0<br \/>\nUne autre fa\u00e7on de mesurer votre taille de bague est de placer une ficelle autour de la zone de l&rsquo;anneau. Vous aurez besoin d&rsquo;une cha\u00eene de 6 pouces de long, un stylo et bien s\u00fbr, une r\u00e8gle. Enroulez la ficelle autour de votre doigt et placez une marque avec le stylo l\u00e0 o\u00f9 elle se termine. Assurez-vous que le cordon est enroul\u00e9 juste au-dessus des jointures afin que la partie la plus large du doigt soit mesur\u00e9e. Cela emp\u00eache les mesures d&rsquo;anneau incorrectes. Placez-le simplement contre la r\u00e8gle et trouvez la mesure. Vous pouvez ensuite trouver la taille de la bague soit en enregistrant le num\u00e9ro imm\u00e9diatement \u00e0 c\u00f4t\u00e9 de la fin ou en comparant votre mesure avec un graphique en ligne.<br \/>\n\u00a0 <\/p>\n<h3>\nComment mesurer \u00e0 l&rsquo;aide des anneaux existants<br \/>\n<\/h3>\n<p>\u00a0<br \/>\nParfois, vous pouvez offrir un cadeau \u00e0 votre femme ou \u00e0 votre bien-aim\u00e9 sans qu&rsquo;ils s&rsquo;en aper\u00e7oivent. Dans ces cas, demander la taille de la bague donnera simplement votre secret. Une bonne fa\u00e7on de le trouver est de prendre une bague pr\u00e9existante qui vous va bien. Mettez-le sur votre doigt jusqu&rsquo;au point o\u00f9 il refuse d&rsquo;aller plus loin. Mesurez ce point sur le doigt que vous souhaitez mesurer avec une ficelle ou une bande de papier. Marquer l&rsquo;endroit o\u00f9 la ficelle ou le papier se termine et ensuite le mesurer contre une r\u00e8gle. Vous pouvez ensuite rechercher cette mesure sur un tableau de tailles pour trouver la circonf\u00e9rence exacte de l&rsquo;anneau.<br \/>\n\u00a0<br \/>\nEn utilisant ces m\u00e9thodes, vous pouvez trouver facilement la circonf\u00e9rence de votre bague. Que vous ayez besoin d&rsquo;une bague ou que vous souhaitiez offrir un cadeau sp\u00e9cial \u00e0 vos proches, ces m\u00e9thodes sont parmi les meilleures pour obtenir facilement la taille d&rsquo;un anneau. Ainsi, le shopping en ligne pour ces pi\u00e8ces glamour de bagues scintillantes n&rsquo;a jamais \u00e9t\u00e9 aussi facile. Alors, pourquoi attendre ? Commandez les bagues que vous aimez, dans la taille parfaite et envo\u00fbtez ceux qui vous entourent.<\/p>\n<p>\u00a0 <\/p>\n<h3>\nTableau de conversion des tailles de bague<br \/>\n<\/h3>\n<p>\u00a0<br \/>\n<img decoding=\"async\" src=\"\/\/www.antwerpor.com\/images\/ring-size.png\" style=\"max-width:100%;\"><br \/>\n\u00a0<br \/>\n\u00a0<\/div>\n","protected":false},"excerpt":{"rendered":"<p> .content2 p{text-align:left;} <\/p>\n<p>&nbsp;<\/p>\n<p> Comment mesurer votre taille de bague \u00e0 la maison <\/p>\n<p> Les bijoux sont un aspect de la vie que chaque femme adore. Qu&rsquo;il s&rsquo;agisse de colliers captivants ou d&rsquo;anneaux envo\u00fbtants, les bijoux sont simplement une partie \u00e9l\u00e9gante de la beaut\u00e9 f\u00e9minine. Avec le temps qui passe, obtenir les bijoux les plus [&#8230;]<\/p>\n","protected":false},"author":1,"featured_media":0,"parent":0,"menu_order":0,"comment_status":"closed","ping_status":"closed","template":"","meta":{"_acf_changed":false,"footnotes":""},"class_list":["post-13273","page","type-page","status-publish","hentry","odd"],"acf":[],"_links":{"self":[{"href":"https:\/\/www.antwerpor.com\/fr\/wp-json\/wp\/v2\/pages\/13273","targetHints":{"allow":["GET"]}}],"collection":[{"href":"https:\/\/www.antwerpor.com\/fr\/wp-json\/wp\/v2\/pages"}],"about":[{"href":"https:\/\/www.antwerpor.com\/fr\/wp-json\/wp\/v2\/types\/page"}],"author":[{"embeddable":true,"href":"https:\/\/www.antwerpor.com\/fr\/wp-json\/wp\/v2\/users\/1"}],"replies":[{"embeddable":true,"href":"https:\/\/www.antwerpor.com\/fr\/wp-json\/wp\/v2\/comments?post=13273"}],"version-history":[{"count":4,"href":"https:\/\/www.antwerpor.com\/fr\/wp-json\/wp\/v2\/pages\/13273\/revisions"}],"predecessor-version":[{"id":40085,"href":"https:\/\/www.antwerpor.com\/fr\/wp-json\/wp\/v2\/pages\/13273\/revisions\/40085"}],"wp:attachment":[{"href":"https:\/\/www.antwerpor.com\/fr\/wp-json\/wp\/v2\/media?parent=13273"}],"curies":[{"name":"wp","href":"https:\/\/api.w.org\/{rel}","templated":true}]}}