{"id":13178,"date":"2018-01-18T16:49:38","date_gmt":"2018-01-18T16:49:38","guid":{"rendered":"https:\/\/www.antwerpor.com\/mission-et-vision\/"},"modified":"2018-01-29T01:49:46","modified_gmt":"2018-01-29T01:49:46","slug":"mission-et-vision","status":"publish","type":"page","link":"https:\/\/www.antwerpor.com\/fr\/mission-et-vision\/","title":{"rendered":"Mission et vision"},"content":{"rendered":"<div id=\"container\">\n<div class=\"education\">\n<h2>Mission et vision<\/h2>\n<p>\u00a0<br \/>\nIl est extr\u00eamement important pour nous que le site soit s\u00e9curis\u00e9. Les paiements ne sont jamais accept\u00e9s sur nos serveurs m\u00eame s&rsquo;ils sont solidement prot\u00e9g\u00e9s, laissant le processus de paiement sur le support le plus s\u00e9curis\u00e9. Les informations de paiement telles que le num\u00e9ro de carte ou le CCV ne sont jamais transmises ni stock\u00e9es sur nos serveurs.<br \/>\n&nbsp;<br \/>\nUne seule personne a les informations d&rsquo;identification pour se connecter au panneau d&rsquo;administration. En plus d&rsquo;un pare-feu \u00e9tendu, nous servons m\u00eame les pages les plus standard de notre site dans des pages crypt\u00e9es SSL. En plus de cela, l&rsquo;administrateur Web t\u00e9l\u00e9charge r\u00e9guli\u00e8rement une copie compl\u00e8te du site Web pour la tester intensivement avec un programme anti-virus.<br \/>\n\u00a0&nbsp;<br \/>\nA Antwerp Or nous croyons que le commerce de bijoux est d\u00e9mod\u00e9. Il est en retard sur le potentiel des technologies actuelles et des tendances modernes. Nous croyons que nous devons moderniser notre entreprise avec le temps. C&rsquo;est pour cette raison que nous avons cr\u00e9\u00e9 notre unique constructeur d&rsquo;anneaux, ce qui n&rsquo;est que le d\u00e9but d&rsquo;un cours que nous pr\u00e9parons pour d&rsquo;autres constructeurs.<br \/>\n&nbsp;<br \/>\nD&rsquo;autres avanc\u00e9es futures incluent le potentiel pour les utilisateurs de manipuler l&rsquo;apparence et la sensation de leurs bagues beaucoup plus qu&rsquo;actuellement, avec des plans tout aussi importants pour cr\u00e9er des constructeurs de pendentifs, bracelets et boucles d&rsquo;oreilles. Nous croyons que l&rsquo;utilisateur devrait avoir plus d&rsquo;options pour personnaliser ses bijoux chaque ann\u00e9e. Une formule de travail pour une entreprise moderne ne signifie pas trouver quelque chose qui fonctionne et qui colle avec elle, mais perfectionner le mod\u00e8le de plus en plus au fil du temps.<br \/>\n\u00a0&nbsp;<br \/>\nNous comprenons parfaitement \u00e0 quel point la satisfaction du client est importante et nous nous effor\u00e7ons de le faire. Une bonne affaire doit avoir une client\u00e8le heureuse, non seulement pour le moral, mais aussi parce qu&rsquo;elle se propage aux autres. La meilleure publicit\u00e9 est un ami qui parle \u00e0 un ami de quelque chose et c&rsquo;est ce que nous recherchons.<br \/>\n&nbsp;<br \/>\nNous avons beaucoup de clients dans notre magasin physique et nous en sommes fiers. Avec le lancement de ce site en septembre 2015 vient la promesse suivante : nous ferons tout notre possible pour vous satisfaire dans notre nouvelle boutique en ligne comme nous l&rsquo;avons fait depuis si longtemps dans notre showroom. Nous serions ravis de r\u00e9pondre \u00e0 toutes les questions que vous pourriez avoir concernant les articles sur notre site Web ou toute autre chose qui est li\u00e9e \u00e0 l&rsquo;or et aux diamants.<br \/>\n\u00a0&nbsp;<br \/>\nA Antwerp Or nous sommes contre les prix \u00e9lev\u00e9s. Comme expliqu\u00e9 sur la page principale, certaines marques c\u00e9l\u00e8bres vendent des mod\u00e8les de bijoux populaires qu&rsquo;ils ne se sont m\u00eame pas con\u00e7us pour 3x le prix que nous offrons, souvent m\u00eame 5x ou plus. Il est contraire \u00e0 notre philosophie d&rsquo;entreprise de le faire m\u00eame si nous le pouvons, parce que nous croyons en l&rsquo;honneur et en l&rsquo;int\u00e9grit\u00e9.<br \/>\n&nbsp;<br \/>\nChaque article que vous pouvez trouver sur ce site est vendu avec des marges b\u00e9n\u00e9ficiaires tr\u00e8s faibles et cela ne changera jamais. M\u00eame les articles co\u00fbteux peuvent avoir un prix total \u00e9lev\u00e9, mais laissez-nous vous promettre que nos marges b\u00e9n\u00e9ficiaires sont tr\u00e8s faibles pour tous nos articles, mais les articles les plus chers ont des marges b\u00e9n\u00e9ficiaires encore plus faibles.<br \/>\n &nbsp;<br \/>\nNous visons grandement \u00e0 avoir autant d&rsquo;articles dans notre inventaire qui sont divers dans l&rsquo;apparence et la couleur. Compte tenu de notre processus de s\u00e9lection s\u00e9lective, une grande majorit\u00e9 des bijoux fins est consid\u00e9r\u00e9e comme \u00abpas assez bien\u00bb. Notre niche est en or 18 carats sertie de diamants. C&rsquo;est parce que nous croyons que ce sont les types de bijoux les plus exclusifs et les plus fantaisistes.<br \/>\nSurtout pour notre s\u00e9lection en ligne, nous essayons de trouver les pi\u00e8ces les plus ravissantes. Il est fr\u00e9quent que les marchands et les bijoutiers viennent dans notre magasin pour trouver des produits qu&rsquo;ils vendent. Nous allons ajouter beaucoup plus de produits \u00e0 notre inventaire avec encore plus de diversit\u00e9 dans les formes et les tailles.\n<\/p><\/div>\n<\/div>\n","protected":false},"excerpt":{"rendered":"<p> Mission et vision <\/p>\n<p> Il est extr\u00eamement important pour nous que le site soit s\u00e9curis\u00e9. Les paiements ne sont jamais accept\u00e9s sur nos serveurs m\u00eame s&rsquo;ils sont solidement prot\u00e9g\u00e9s, laissant le processus de paiement sur le support le plus s\u00e9curis\u00e9. Les informations de paiement telles que le num\u00e9ro de carte ou le CCV ne [&#8230;]<\/p>\n","protected":false},"author":1,"featured_media":0,"parent":0,"menu_order":0,"comment_status":"closed","ping_status":"closed","template":"","meta":{"_acf_changed":false,"footnotes":""},"class_list":["post-13178","page","type-page","status-publish","hentry","odd"],"acf":[],"_links":{"self":[{"href":"https:\/\/www.antwerpor.com\/fr\/wp-json\/wp\/v2\/pages\/13178","targetHints":{"allow":["GET"]}}],"collection":[{"href":"https:\/\/www.antwerpor.com\/fr\/wp-json\/wp\/v2\/pages"}],"about":[{"href":"https:\/\/www.antwerpor.com\/fr\/wp-json\/wp\/v2\/types\/page"}],"author":[{"embeddable":true,"href":"https:\/\/www.antwerpor.com\/fr\/wp-json\/wp\/v2\/users\/1"}],"replies":[{"embeddable":true,"href":"https:\/\/www.antwerpor.com\/fr\/wp-json\/wp\/v2\/comments?post=13178"}],"version-history":[{"count":0,"href":"https:\/\/www.antwerpor.com\/fr\/wp-json\/wp\/v2\/pages\/13178\/revisions"}],"wp:attachment":[{"href":"https:\/\/www.antwerpor.com\/fr\/wp-json\/wp\/v2\/media?parent=13178"}],"curies":[{"name":"wp","href":"https:\/\/api.w.org\/{rel}","templated":true}]}}