{"id":13277,"date":"2018-01-22T11:47:01","date_gmt":"2018-01-22T11:47:01","guid":{"rendered":"https:\/\/www.antwerpor.com\/como-determinar-desde-su-hogar-la-medida-exacta-del-anillo\/"},"modified":"2018-10-03T20:52:05","modified_gmt":"2018-10-03T20:52:05","slug":"como-determinar-desde-su-hogar-la-medida-exacta-del-anillo","status":"publish","type":"page","link":"https:\/\/www.antwerpor.com\/es\/como-determinar-desde-su-hogar-la-medida-exacta-del-anillo\/","title":{"rendered":"C\u00f3mo determinar desde su hogar la medida exacta del anillo"},"content":{"rendered":"<div class=\"content2\">\n<style>.content2 p{text-align:left;}<\/style>\n<p>&nbsp;<\/p>\n<h2>\nC\u00f3mo determinar desde su hogar la medida exacta del anillo<br \/>\n<\/h2>\n<p> La joyer\u00eda es un aspecto de la vida que toda mujer adora. Ya sean collares cautivadores o encantadores anillos, la joyer\u00eda es una parte elegante de la belleza femenina. Con el paso del tiempo, adquirir la joyer\u00eda m\u00e1s cautivadora se ha vuelto m\u00e1s f\u00e1cil que nunca. Usted puede simplemente comprar en l\u00ednea bellos dijes sin necesidad de deambular por las tiendas. Sin embargo, un problema com\u00fan que enfrentan las mujeres al comprar joyer\u00eda en l\u00ednea, especialmente anillos, se relaciona con la tabla de tama\u00f1os. \u00bfC\u00f3mo saber cu\u00e1l es el di\u00e1metro de nuestros dedos? A nadie le gustar\u00eda adquirir la circunferencia incorrecta al comprar una joya ex\u00f3tica o un encantador anillo de diamante. Entonces, \u00bfc\u00f3mo hacerle? Para ayudarle, hemos compilado tres formas en las que puede determinar su tama\u00f1o de anillo desde la comodidad del hogar.<\/p>\n<p>\u00a0 <\/p>\n<h3>\nC\u00f3mo determinar la medida del anillo con una cuerda<\/p>\n<\/h3>\n<p>\u00a0<br \/>\nOtra forma de determinar la medida para su anillo es colocando una cuerda alrededor del \u00e1rea del anillo. Usted necesitar\u00e1 una cuerda de 6 pulgadas de largo, y por supuesto, una regla. Enrolle la cuerda alrededor de su dedo y marque el lugar donde termina. Aseg\u00farese de que la cuerda est\u00e9 enrollada justo arriba del nudillo, para que la parte m\u00e1s ancha del dedo sea medida. Esto previene una medici\u00f3n incorrecta. Simplemente coloque la cuerda contra la regla y encuentre la medida. Usted puede encontrar as\u00ed el tama\u00f1o del anillo, ya sea registrando el n\u00famero que aparece al final de la cuerda, o comparando la medida con alguna de las tablas de medici\u00f3n que circulan por la web.<\/p>\n<p>\u00a0 <\/p>\n<h3>\nC\u00f3mo determinar la medida usando un anillo que ya existente<\/p>\n<\/h3>\n<p>\u00a0<br \/>\nUsted tal vez quiera en alguna ocasi\u00f3n regalarle a su pareja un anillo sin que ella se d\u00e9 cuenta. En estos casos, pedir el tama\u00f1o del anillo arruinar\u00e1 el secreto. Una buena manera de encontrar el tama\u00f1o adecuado es tomando alguno de los anillos que ella ya tenga y que le acomode. P\u00f3ngalo en su propio dedo hasta el punto donde ya no puede bajar m\u00e1s. Mida este punto con una tira de papel o con una cuerda. Marque el lugar donde la tira termina y m\u00eddalo con una regla. Despu\u00e9s usted puede comparar esta medida en una de las tablas para encontrar la circunferencia exacta del anillo.<br \/>\n\u00a0 <\/p>\n<h3>\n\u041a\u0430\u043a \u0438\u0437\u043c\u0435\u0440\u0438\u0442\u044c \u0418\u0441\u043f\u043e\u043b\u044c\u0437\u043e\u0432\u0430\u043d\u0438\u0435 \u0441\u0443\u0449\u0435\u0441\u0442\u0432\u0443\u044e\u0449\u0438\u0445 \u043a\u043e\u043b\u0435\u0446<br \/>\n<\/h3>\n<p>\u00a0<br \/>\n\u0418\u043d\u043e\u0433\u0434\u0430 \u0432\u044b \u043c\u043e\u0436\u0435\u0442\u0435 \u0437\u0430\u0445\u043e\u0442\u0435\u0442\u044c \u0441\u0434\u0435\u043b\u0430\u0442\u044c \u043d\u0435\u043e\u0436\u0438\u0434\u0430\u043d\u043d\u044b\u0439 \u043f\u043e\u0434\u0430\u0440\u043e\u043a \u0412\u0430\u0448\u0435\u0439 \u0434\u0430\u043c\u0435 \u043b\u044e\u0431\u0438\u043c\u043e\u043c\u0443 \u0447\u0435\u043b\u043e\u0432\u0435\u043a\u0443. \u0412 \u044d\u0442\u0438\u0445 \u0441\u043b\u0443\u0447\u0430\u044f\u0445, \u0441\u043f\u0440\u043e\u0441\u0438\u0432 \u043e \u0440\u0430\u0437\u043c\u0435\u0440\u0435 \u043a\u043e\u043b\u044c\u0446\u0430, \u0412\u044b \u043f\u0440\u043e\u0441\u0442\u043e \u0440\u0430\u0441\u043a\u0440\u043e\u0435\u0442\u0435 \u0441\u0432\u043e\u0439 \u0441\u0435\u043a\u0440\u0435\u0442. \u041e\u0442\u043b\u0438\u0447\u043d\u044b\u0439 \u0441\u043f\u043e\u0441\u043e\u0431 \u043d\u0430\u0439\u0442\u0438 \u0435\u0433\u043e, \u044d\u0442\u043e \u0432\u0437\u044f\u0442\u044c \u0441\u0442\u0430\u0440\u043e\u0435 \u043a\u043e\u043b\u044c\u0446\u043e, \u043a\u043e\u0442\u043e\u0440\u043e\u0435 \u0435\u0439 \u043f\u043e\u0434\u0445\u043e\u0434\u0438\u0442. \u041e\u0434\u0435\u043d\u044c\u0442\u0435 \u0435\u0433\u043e \u043d\u0430 \u043f\u0430\u043b\u0435\u0446, \u043d\u0430\u0441\u043a\u043e\u043b\u044c\u043a\u043e \u044d\u0442\u043e \u0432\u043e\u0437\u043c\u043e\u0436\u043d\u043e \u0434\u043e \u0442\u043e\u0433\u043e \u043c\u043e\u043c\u0435\u043d\u0442\u0430, \u043a\u043e\u0433\u0434\u0430 \u043e\u043d \u043d\u0435 \u043f\u0440\u043e\u0445\u043e\u0434\u0438\u0442 \u0434\u0430\u043b\u044c\u0448\u0435. \u0418\u0437\u043c\u0435\u0440\u0438\u0442\u044c \u0448\u0438\u0440\u0438\u043d\u0443 \u044d\u0442\u043e\u0433\u043e \u043c\u0435\u0441\u0442\u0430 \u043d\u0430 \u043f\u0430\u043b\u044c\u0446\u0435 \u0412\u044b \u043c\u043e\u0436\u0435\u0442\u0435 \u0438\u0437\u043c\u0435\u0440\u0438\u0442\u044c \u0441 \u043f\u043e\u043c\u043e\u0449\u044c\u044e \u043d\u0438\u0442\u043a\u0438 \u0438\u043b\u0438 \u0431\u0443\u043c\u0430\u0436\u043d\u043e\u0439 \u043f\u043e\u043b\u043e\u0441\u043a\u0438. \u041e\u0442\u043c\u0435\u0442\u044c\u0442\u0435 \u043c\u0435\u0441\u0442\u043e, \u0433\u0434\u0435 \u0441\u0442\u0440\u043e\u043a\u0430 \u0438\u043b\u0438 \u0431\u0443\u043c\u0430\u0433\u0430 \u0437\u0430\u043a\u0430\u043d\u0447\u0438\u0432\u0430\u0435\u0442\u0441\u044f, \u0430 \u0437\u0430\u0442\u0435\u043c \u0438\u0437\u043c\u0435\u0440\u044c\u0442\u0435 \u0435\u0435 \u043b\u0438\u043d\u0435\u0439\u043a\u043e\u0439. \u0412\u044b \u043c\u043e\u0436\u0435\u0442\u0435 \u0441\u043e\u043f\u043e\u0441\u0442\u0430\u0432\u0438\u0442\u044c \u0440\u0435\u0437\u0443\u043b\u044c\u0442\u0430\u0442\u044b \u0438\u0437\u043c\u0435\u0440\u0435\u043d\u0438\u044f \u0441 \u0434\u0438\u0430\u0433\u0440\u0430\u043c\u043c\u043e\u0439 \u0440\u0430\u0437\u043c\u0435\u0440\u0430 \u0447\u0442\u043e\u0431\u044b \u0443\u0437\u043d\u0430\u0442\u044c \u0440\u0430\u0437\u043c\u0435\u0440 \u043a\u043e\u043b\u044c\u0446\u0430.<br \/>\n\u00a0<br \/>\nAl usar estos m\u00e9todos, usted puede determinar f\u00e1cilmente la circunferencia de su anillo. Ya sea que quiera comprar un anillo para usted mismo, o como regalo para alguien especial, estos m\u00e9todos son los mejores para obtener el resultado de manera f\u00e1cil. Por ello es que la compra en l\u00ednea de piezas tan glamorosas y brillantes nunca hab\u00eda sido tan f\u00e1cil. Entonces, \u00bfpor qu\u00e9 esperar? Pida los anillos que m\u00e1s le gusten en el tama\u00f1o perfecto, y cautive a la gente alrededor de usted.<\/p>\n<p>\u00a0 <\/p>\n<h3>\nTabla de conversi\u00f3n de tallas de anillo<br \/>\n<\/h3>\n<p>&nbsp;<br \/>\n<img decoding=\"async\" src=\"\/\/www.antwerpor.com\/images\/ring-size.png\" style=\"max-width:100%;\"><br \/>\n\u00a0<br \/>\n\u00a0\n<\/div>\n","protected":false},"excerpt":{"rendered":"<p> .content2 p{text-align:left;} <\/p>\n<p>&nbsp;<\/p>\n<p> C\u00f3mo determinar desde su hogar la medida exacta del anillo <\/p>\n<p> La joyer\u00eda es un aspecto de la vida que toda mujer adora. Ya sean collares cautivadores o encantadores anillos, la joyer\u00eda es una parte elegante de la belleza femenina. Con el paso del tiempo, adquirir la joyer\u00eda m\u00e1s cautivadora se [&#8230;]<\/p>\n","protected":false},"author":1,"featured_media":0,"parent":0,"menu_order":0,"comment_status":"closed","ping_status":"closed","template":"","meta":{"_acf_changed":false,"footnotes":""},"class_list":["post-13277","page","type-page","status-publish","hentry","odd"],"acf":[],"_links":{"self":[{"href":"https:\/\/www.antwerpor.com\/es\/wp-json\/wp\/v2\/pages\/13277","targetHints":{"allow":["GET"]}}],"collection":[{"href":"https:\/\/www.antwerpor.com\/es\/wp-json\/wp\/v2\/pages"}],"about":[{"href":"https:\/\/www.antwerpor.com\/es\/wp-json\/wp\/v2\/types\/page"}],"author":[{"embeddable":true,"href":"https:\/\/www.antwerpor.com\/es\/wp-json\/wp\/v2\/users\/1"}],"replies":[{"embeddable":true,"href":"https:\/\/www.antwerpor.com\/es\/wp-json\/wp\/v2\/comments?post=13277"}],"version-history":[{"count":2,"href":"https:\/\/www.antwerpor.com\/es\/wp-json\/wp\/v2\/pages\/13277\/revisions"}],"predecessor-version":[{"id":40083,"href":"https:\/\/www.antwerpor.com\/es\/wp-json\/wp\/v2\/pages\/13277\/revisions\/40083"}],"wp:attachment":[{"href":"https:\/\/www.antwerpor.com\/es\/wp-json\/wp\/v2\/media?parent=13277"}],"curies":[{"name":"wp","href":"https:\/\/api.w.org\/{rel}","templated":true}]}}