{"id":13264,"date":"2018-01-22T10:42:01","date_gmt":"2018-01-22T10:42:01","guid":{"rendered":"https:\/\/www.antwerpor.com\/preguntas-frecuentes\/"},"modified":"2018-11-14T13:04:16","modified_gmt":"2018-11-14T13:04:16","slug":"preguntas-frecuentes","status":"publish","type":"page","link":"https:\/\/www.antwerpor.com\/es\/preguntas-frecuentes\/","title":{"rendered":"Preguntas frecuentes"},"content":{"rendered":"<style>h2{font-size:32px!important}.education h2{top:51px;position:relative;font-size:22px!important;text-transform:uppercase}.gemstones,.gemstones2{padding-top:50px!important}.gemstones,.gemstones2{padding-top:50px!important}.gemstones a,.gemstones2 a{position:relative;top:30px}h3{padding:20px 0;font-family:verlag,arial,verdana!important;font-size:21px!important;line-height:1em;color:#332e2e;}.education p,.education h3 a,.education2 h3 a{line-height:1.2em;position:relative;top:45px;display:-webkit-inline-box}.education{padding-bottom:60px}<\/style>\n<style>@media only screen and (min-width:1px) and (max-width:480px){.education p, .education h3 a, .education2 h3 a{font-size:30px;top:75px;}.education{padding-bottom:75px!important;}.education h2 {top: 80px;}.education li a{top:68px;font-size:30px;}.education{font-size:25px;line-height: 1.3em;}}<\/style>\n<div id=\"container\">\n<div id=\"container\">\n<div class=\"education\" style=\"line-height:2em !important;\" style=\"text-align:right!important;\">\n<h2 style=\"font-size:40px !important\">\nPreguntas frecuentes<br \/>\n<\/h2>\n<div class=\"gemstones\" style=\"text-align:left; margin-left:5px; list-style-type:none;\">\n<h2>\nPreguntas sobre los diamantes<br \/>\n<\/h2>\n<p>\u00a0 <\/p>\n<p><a href=\"#how-do-i-grade-diamonds\"> <\/p>\n<li>\n\u00bfC\u00f3mo clasifico los diamantes?<br \/>\n <\/a><\/li>\n<p><a href=\"#do-you-sell-loose-diamonds\"> <\/p>\n<li>\n\u00bfVenden diamantes sueltos?<br \/>\n <\/a><\/li>\n<p><a href=\"#what-is-carat-diamonds\"> <\/p>\n<li>\n\u00bfQu\u00e9 son los quilates (diamantes)?<br \/>\n <\/a><\/li>\n<p><a href=\"#what-is-your-standard-set-diamond-quality\"> <\/p>\n<li>\n\u00bfCu\u00e1les son sus est\u00e1ndares de calidad<br \/> para diamantes incrustados?<\/p>\n<p> <\/a><\/li>\n<p><a href=\"#why-use-this-quality-standard-for-diamonds\"> <\/p>\n<li>\n\u00bfPor qu\u00e9 es ese su est\u00e1ndar de calidad?<br \/>\n<\/a><\/li>\n<p>\u00a0 <\/p>\n<h2>\nPersonalizaci\u00f3n de anillo<br \/>\n<\/h2>\n<p>\u00a0 <\/p>\n<p><a href=\"#how-do-i-use-the-ring-builder\"> <\/p>\n<li>\n\u00bfC\u00f3mo uso el Creador de Anillos?<br \/>\n <\/a><\/li>\n<p><a href=\"#how-do-i-find-out-what-my-ring-size-is\"> <\/p>\n<li>\n\u00bfC\u00f3mo averiguo cu\u00e1l es el tama\u00f1o <br \/>adecuado para mi anillo?<br \/>\n <\/a><\/li>\n<p>\u00a0 <\/p>\n<h2>\nSobre la empresa<br \/>\n<\/h2>\n<p>\u00a0 <\/p>\n<p><a href=\"#when-was-antwer-or-founded\"> <\/p>\n<li>\n\u00bfCu\u00e1ndo se fund\u00f3 Antwerp Or?<\/p>\n<p> <\/a><\/li>\n<p><a href=\"#how-safe-is-online-shopping-at-antwerp-or\"> <\/p>\n<li>\n\u00bfQu\u00e9 tan seguro es comprar en <br \/>l\u00ednea a trav\u00e9s de Antwerp Or?<\/p>\n<p><\/a><\/li>\n<p><a href=\"#do-you-have-a-physical-showroom-i-can-visit\"> <\/p>\n<li>\n\u00bfCuentan con una tienda f\u00edsica que pueda visitarse?<br \/>\n<\/a><\/li>\n<\/div>\n<div class=\"gemstones2\" style=\"text-align:left; margin-right:5px; list-style-type:none; max-width:460px !important;\">\n<h2>\nPreguntas frecuentes sobre el oro<\/p>\n<\/h2>\n<p>\u00a0 <\/p>\n<p><a href=\"#what-is-carat-gold\"> <\/p>\n<li>\n\u00bfQu\u00e9 es el quilate (oro)?<br \/>\n<\/a><\/li>\n<p><a href=\"#why-do-you-exclusively-sell-18-carat-gold\"> <\/p>\n<li>\n\u00bfPor qu\u00e9 venden exclusivamente oro de 18 quilates?<br \/>\n<\/a><\/li>\n<p><a href=\"#what-is-the-difference-between-18k-carat-gold-and-14-carat-gold\"> <\/p>\n<li>\n\u00bfCu\u00e1l es la diferencia entre un oro de 14 quilates y uno de 18?<br \/>\n<\/a><\/li>\n<p>\u00a0 <\/p>\n<h2>\nLimpieza de joyer\u00eda con diamantes<\/p>\n<\/h2>\n<p>\u00a0 <\/p>\n<p><a href=\"#how-should-i-clean-my-jewels\"> <\/p>\n<li>\n\u00bfC\u00f3mo debo limpiar mis joyas?<br \/>\n<\/a><\/li>\n<p><a href=\"#guides-cleaning-jewelry\"> <\/p>\n<li>\n\u00bfTienen gu\u00edas que expliquen c\u00f3mo limpiar joyer\u00edas con diamantes?<br \/>\n<\/a><\/li>\n<p>\u00a0 <\/p>\n<h2>\nCompra en l\u00ednea a trav\u00e9s de Antwerp Or<br \/>\n<\/h2>\n<p>\u00a0 <\/p>\n<p><a href=\"#are-my-orders-sent-insured\"> <\/p>\n<li>\n\u00bfMis pedidos son enviados con seguro?<\/p>\n<p><\/a><\/li>\n<p><a href=\"#what-import-fees-can-i-expect\"> <\/p>\n<li>\n\u00bfQu\u00e9 tarifas de importaci\u00f3n debo esperar?<\/p>\n<p><\/a><\/li>\n<p><a href=\"#what-countries-do-you-ship-to\"> <\/p>\n<li>\n\u00bfA qu\u00e9 pa\u00edses realizan env\u00edos?<\/p>\n<p><\/a><\/li>\n<p><a href=\"#what-is-your-refund-policy\"> <\/p>\n<li>\n\u00bfCu\u00e1l es su pol\u00edtica de reembolso?<br \/>\n<\/a><\/li>\n<p><a href=\"#what-is-the-estimated-delivery-time\"> <\/p>\n<li>\n\u00bfCu\u00e1l es el tiempo estimado de entrega?<\/p>\n<p><\/a><\/li>\n<p><a href=\"#can-i-track-my-order\"> <\/p>\n<li>\n\u00bfPuedo rastrear mi pedido?<br \/>\n<\/a><\/li>\n<p><a href=\"#what-kind-of-payment-methods-do-you-accept\"> <\/p>\n<li>\n\u00bfQu\u00e9 m\u00e9todos de pago aceptan?<\/p>\n<p><\/a><\/li>\n<p><a href=\"#how-can-you-sell-tax-free\"> <\/p>\n<li>\n\u00bfC\u00f3mo pueden hacer ventas libres de impuestos?<\/p>\n<p><\/a><\/li>\n<\/div>\n<\/div>\n<div class=\"education\">\n<div class=\"clear\"><\/div>\n<h2>\nPreguntas frecuentes sobre los diamantes<br \/>\n<\/h2>\n<p>\u00a0<\/p>\n<div class=\"clear\"><\/div>\n<p><a name=\"how-do-i-grade-diamonds\"> <\/p>\n<h3>\n\u00bfC\u00f3mo clasifico los diamantes?<br \/>\n <\/a><\/h3>\n<p>Para aprender los conceptos b\u00e1sicos de clasificaci\u00f3n, por favor visite la secci\u00f3n sobre clasificaci\u00f3n de diamantes en nuestra p\u00e1gina educativa. All\u00ed explicamos las 4C de la clasificaci\u00f3n de diamantes que incluyen Color, Claridad, Peso en quilates y Talla.<\/p>\n<p>\u00a0<a name=\"do-you-sell-loose-diamonds\"> <\/p>\n<h3>\n\u00bfVenden diamantes sueltos?<br \/>\n<\/a><\/h3>\n<p>S\u00ed, vendemos diamantes sueltos en l\u00ednea, certificados por el GIA. Tambi\u00e9n puedes verlos en 3D. Haga clic aqu\u00ed para comprar diamantes en l\u00ednea. Adem\u00e1s, todos los diamantes que encuentres en el Creador de anillos de compromiso personalizado de diamantes est\u00e1n certificados por GIA. En esa p\u00e1gina puedes comprar anillos de compromiso personalizados junto con tus diamantes.<\/p>\n<p>\u00a0<a name=\"what-is-carat-diamonds\"> <\/p>\n<h3>\n\u00bfQu\u00e9 son los quilates (diamantes)?<br \/>\n<\/a><\/h3>\n<p>Los quilates, as\u00ed como los gramos, son una forma de cuantificar el peso de las piedras preciosas. Un quilate equivale aproximadamente a 0.2 gramos. Para aprender m\u00e1s sobre los quilates de diamantes, por favor visite la secci\u00f3n sobre quilates en nuestra p\u00e1gina educativa, en la cual tambi\u00e9n explicamos las otras 3 C.<\/p>\n<p>\u00a0<a name=\"what-is-your-standard-set-diamond-quality\"> <\/p>\n<h3>\n\u00bfCu\u00e1les son sus est\u00e1ndares de calidad para diamantes incrustados?<br \/>\n <\/a><\/h3>\n<p>La calidad est\u00e1ndar de nuestros diamantes es VS-G, que significa \u201cVery Slightly Included\u201d (que puede traducirse como \u201cCon Muy Ligeras Inclusiones\u201d) y \u201cG Color\u201d, que son criterios altos de clasificaci\u00f3n para la calidad. Tenga en cuenta que el est\u00e1ndar de calidad no incluye a los diamantes centrales m\u00e1s grandes, sino a los que est\u00e1n incluidos en el oro.<\/p>\n<p>\u00a0<a name=\"why-use-this-quality-standard-for-diamonds\"> <\/p>\n<h3>\n\u00bfPor qu\u00e9 usa este est\u00e1ndar de calidad para sus diamantes?<br \/>\n <\/a><\/h3>\n<p>Hay muchas variedades de joyas finas. Dado que nuestros clientes est\u00e1n interesados \u200b\u200ben las joyas de diamantes incrustadas en oro de 18k, que son ambos s\u00edmbolos de estatus, queremos asegurarnos de que obtengan s\u00f3lo lo mejor. Tambi\u00e9n es crucial para nosotros que las joyas tengan el brillo y el reflejo adecuados para su belleza, lo cual es dif\u00edcil de lograr con diamantes de baja calidad. En resumen, queremos ofrecerles a nuestros clientes s\u00f3lo lo mejor.<\/p>\n<p>\u00a0<\/p>\n<h2>\nPreguntas frecuentes sobre la personalizaci\u00f3n de anillos<br \/>\n<\/h2>\n<p>\u00a0<a name=\"how-do-i-use-the-ring-builder\"> <\/p>\n<h3>\n\u00bfC\u00f3mo utilizo el Creador de anillos?<br \/>\n<\/a><\/h3>\n<p>Al final de la p\u00e1gina del Creador de anillos hay un enlace azul que dice \u201cC\u00f3mo usar nuestro Creador de anillos\u201d. Haga clic en el enlace para expandir la informaci\u00f3n con las instrucciones sobre c\u00f3mo crear su propio anillo.<\/p>\n<p>\u00a0<a name=\"how-do-i-find-out-what-my-ring-size-is\"> <\/p>\n<h3>\n\u00bfC\u00f3mo averiguo cu\u00e1l es el tama\u00f1o adecuado para mi anillo?<\/p>\n<p><\/a><\/h3>\n<p>Si usted ya tiene un anillo que le queda, pero no sabe el tama\u00f1o, le recomendamos medir el orificio del centro. Si usted no sabe cu\u00e1l es el tama\u00f1o, por favor cont\u00e1ctenos por tel\u00e9fono, correo o por el chat de soporte, y estaremos felices de enviarle una tira para medir anillos, por correo y sin costo. Para m\u00e1s informaci\u00f3n sobre c\u00f3mo averiguar el tama\u00f1o correcto, presione aqu\u00ed.<\/p>\n<p>\u00a0<\/p>\n<h2>\nPreguntas frecuentes sobre la empresa<\/p>\n<\/h2>\n<p>\u00a0<a name=\"when-was-antwer-or-founded\"> <\/p>\n<h3>\n\u00bfCu\u00e1ndo fue fundada Antwerp Or?<br \/>\n<\/a><\/h3>\n<p>Antwerp Or en su forma y nombre actual fue fundada el 30 de enero de 1991. Sin embargo, nuestra familia empez\u00f3 con otra joyer\u00eda en 1978.<\/p>\n<p>\u00a0<a name=\"how-safe-is-online-shopping-at-antwerp-or\"> <\/p>\n<h3>\n\u00bfQu\u00e9 tan seguro es comprar en l\u00ednea a trav\u00e9s de Antwerp Or?<br \/>\n <\/a><\/h3>\n<p>La compra en l\u00ednea en Antwerp Or es extremadamente segura. Nuestras p\u00e1ginas se encuentran de por s\u00ed encriptadas y no almacenamos ninguna informaci\u00f3n de pago como n\u00fameros de tarjetas de cr\u00e9dito o informaci\u00f3n CCV en nuestros servidores.<\/p>\n<p>\u00a0<a name=\"do-you-have-a-physical-showroom-i-can-visit\"> <\/p>\n<h3>\n\u00bfCuentan con una tienda f\u00edsica que pueda visitarse?<br \/>\n<\/a><\/h3>\n<p>\u00a1S\u00ed tenemos! Le invitamos a visitarnos si alguna vez se encuentra en la ciudad. Por favor, visite la p\u00e1gina de contacto para m\u00e1s informaci\u00f3n sobre nuestra tienda, como ubicaci\u00f3n y horarios.<br \/>\n\u00a0<\/p>\n<h2>\nPreguntas frecuentes sobre el oro<br \/>\n<\/h2>\n<p>\u00a0<a name=\"what-is-carat-gold\"> <\/p>\n<h3>\n\u00bfQu\u00e9 es el quilate (oro)?<br \/>\n<\/a><\/h3>\n<p>Cuando se habla de quilates en el contexto del oro, la gente se refiere a la pureza del oro. El oro puro es de 24 quilates, sin embargo, nunca se utiliza porque el oro en su forma pura sin mezclar es muy fr\u00e1gil y puede abollarse f\u00e1cilmente. Haga clic aqu\u00ed para aprender m\u00e1s sobre las purezas del oro en quilates.<\/p>\n<p>\u00a0<a name=\"why-do-you-exclusively-sell-18-carat-gold\"> <\/p>\n<h3>\n\u00bfPor qu\u00e9 venden exclusivamente oro de 18 quilates?<br \/>\n<\/a><\/h3>\n<p>Creemos que hay demasiados problemas asociados con el oro de 14 quilates y las purezas de m\u00e1s de 18 quilates. El oro de 14 quilates carece del prestigio de una alta pureza, debido a que s\u00f3lo es 50% oro. Como ejemplo opuesto, el oro de 24 quilates es pr\u00e1cticamente inutilizable para trabajar, e incluso cuando un art\u00edculo se termina bajo est\u00e1ndares altos de calidad, es m\u00e1s probable que pierda su forma al recibir presi\u00f3n en ciertos puntos. Consideramos que el oro de 18 quilates es el que mejor combina el prestigio asociado con la alta pureza del oro sin perder su solidez, y manteni\u00e9ndolo fuerte y listo para su uso a largo plazo.<\/p>\n<p>\u00a0<a name=\"what-is-the-difference-between-18k-carat-gold-and-14-carat-gold\"> <\/p>\n<h3>\n\u00bfCu\u00e1l es la diferencia entre un oro de 14 quilates y uno de 18?<\/p>\n<p><\/a><\/h3>\n<p>Pregunta parcialmente respondida en el apartado anterior, la principal diferencia entre oro de 14 y 18 quilates es el porcentaje de oro encontrado en el metal. El oro de 14 quilates es aproximadamente 58% oro, mientras que el de 18 quilates lo es en aproximadamente 75%.<\/p>\n<p>\u00a0<\/p>\n<h2>\n\u00bfC\u00f3mo debo limpiar mis joyas?<br \/>\n<\/h2>\n<p>\u00a0<a name=\"how-should-i-clean-my-jewels\"> <\/p>\n<h3>\n\u00bfC\u00f3mo debo limpiar mis joyas?<br \/>\n<\/a><\/h3>\n<p>Recomendamos un cepillo de dientes, agua caliente y algo que sea bueno pare remover manchas de grasa. Recomendamos especialmente detergente l\u00edquido lavaplatos.<\/p>\n<p>\u00a0<a name=\"guides-cleaning-jewelry\"> <\/p>\n<h3>\u00bfTienen gu\u00edas que expliquen c\u00f3mo limpiar joyer\u00eda con diamantes?<\/a><\/h3>\n<p>Tenemos una gu\u00eda que explica c\u00f3mo limpiar aretes de diamante, y otra que explica c\u00f3mo limpiar anillos de diamante.<br \/>\n\u00a0<\/p>\n<h2>\nPreguntas frecuentes sobre la compra en Antwerp Or<br \/>\n<\/h2>\n<p>\u00a0<a name=\"are-my-orders-sent-insured\"> <\/p>\n<h3>\n\u00bfMis pedidos cuentan con seguro?<br \/>\n<\/a><\/h3>\n<p>Todos sus pedidos est\u00e1n perfectamente asegurados en ambos extremos. Nosotros compramos separadamente un seguro para cada env\u00edo, y solo usamos servicios de paqueter\u00eda reconocidos internacionalmente, adem\u00e1s de que declaramos propiamente el valor y la naturaleza de las joyas que enviamos.<\/p>\n<p>\u00a0<a name=\"what-import-fees-can-i-expect\"> <\/p>\n<h3>\n\u00bfQu\u00e9 tarifas de importaci\u00f3n debo esperar?<br \/>\n<\/a><\/h3>\n<p>Actualmente, las tarifas de importaci\u00f3n son de 2.5% para Reino Unido, 5.5% para los Estados Unidos, 6.5% para Canad\u00e1 y 5% para Australia.<\/p>\n<p>\u00a0<a name=\"what-countries-do-you-ship-to\"> <\/p>\n<h3>\n\u00bfA qu\u00e9 pa\u00edses realizan env\u00edos?<\/p>\n<p><\/a><\/h3>\n<p>Nosotros enviamos su art\u00edculo a cualquier lugar del mundo &#8211; \u00a1gratis! Sin embargo, tenga en cuenta que los clientes que compren diamantes sueltos o joyer\u00eda de diamantes desde nuestra tienda tendr\u00e1n que pagar un 21% adicional en impuestos.<br \/>\n\u00a0<br \/>\nEspec\u00edficamente, estos son los pa\u00edses a los que enviamos:<\/p>\n<p>Argentina, Australia, Austria, Bermudas, Bulgaria, Canad\u00e1, China, Chipre, Rep\u00fablica Checa, Dinamarca, Estonia, Finlandia, Francia, Alemania, Gibraltar, Grecia, Hong Kong, Hungr\u00eda, Irlanda, Italia, Jap\u00f3n, Letonia, Lituania, Luxemburgo, Macedonia, Malasia, Malta, M\u00e9xico, Pa\u00edses Bajos, Nueva Zelanda, Noruega, Panam\u00e1, Polonia, Porutgal, Rumania, Singapur, Eslovaquia, Eslovenia, Corea del Sur, Espa\u00f1a, Sri Lanka, Suecia, Suiza, Taiw\u00e1n, Tailandia, Reino Unido, Estados Unidos Vietnam<br \/>\n\u00a0<\/p>\n<p>\u00a0<a name=\"what-is-your-refund-policy\"> <\/p>\n<h3>\n\u00bfCu\u00e1l es su pol\u00edtica de reembolso para las compras en l\u00ednea?<\/p>\n<p><\/a><\/h3>\n<p>Si por alguna raz\u00f3n usted decide devolver su joya, tiene la posibilidad de hacerlo en un plazo de 30 d\u00edas y obtener el reembolso. Para obtener m\u00e1s informaci\u00f3n sobre nuestra pol\u00edtica de env\u00edos y devoluciones, haga clic aqu\u00ed.<\/p>\n<p>\u00a0<a name=\"what-is-the-estimated-delivery-time\"> <\/p>\n<h3>\n\u00bfCu\u00e1l es el tiempo estimado de entrega?<br \/>\n<\/a><\/h3>\n<p>Todos los art\u00edculos de nuestra tienda en l\u00ednea est\u00e1n disponibles y en existencia. El tiempo de entrega ser\u00e1 de una semana en la mayor\u00eda de los casos, pero en definitiva no ser\u00e1 mucho mayor para las joyas regulares. El Creador de anillos es sin embargo una excepci\u00f3n, puesto que los modelos no est\u00e1n fabricados todav\u00eda y la creaci\u00f3n de las partes sueltas puede tomar hasta dos semanas. Es por esta raz\u00f3n que algunos pedidos del Creador de anillos pueden tardar hasta tres semanas para ser entregados.<\/p>\n<p>\u00a0<a name=\"can-i-track-my-order\"> <\/p>\n<h3>\n\u00bfPuedo rastrear mi pedido?<\/p>\n<p><\/a><\/h3>\n<p> S\u00ed. Cada cliente que haga un pedido tendr\u00e1 informaci\u00f3n sobre c\u00f3mo rastrear su orden.o.<br \/>\n\u00a0<\/p>\n<p>\u00a0<a name=\"what-kind-of-payment-methods-do-you-accept\"> <\/p>\n<h3>\n\u00bfQu\u00e9 m\u00e9todos de pago aceptan?<br \/>\n<\/a><\/h3>\n<p>Por el momento aceptamos Visa, MasterCard, Bitcoin, American Express y transferencias bancarias regulares. En nuestra tienda f\u00edsica aceptamos tarjetas y efectivo.<\/p>\n<p>\u00a0<a name=\"how-can-you-sell-tax-free\"> <\/p>\n<h3>\n\u00bfC\u00f3mo pueden hacer ventas libres de impuestos?<\/p>\n<p><\/a><\/h3>\n<p>La ley permite que los pa\u00edses fuera de la Uni\u00f3n Europea exporten joyer\u00eda de oro y diamantes libres de impuestos. Los clientes que sean ciudadanos de la EU no podr\u00e1n disfrutar de este recorte de impuestos\u2026\n<\/p><\/div>\n<\/div>\n<div class=\"clear\"><\/div>\n","protected":false},"excerpt":{"rendered":"<p>h2{font-size:32px!important}.education h2{top:51px;position:relative;font-size:22px!important;text-transform:uppercase}.gemstones,.gemstones2{padding-top:50px!important}.gemstones,.gemstones2{padding-top:50px!important}.gemstones a,.gemstones2 a{position:relative;top:30px}h3{padding:20px 0;font-family:verlag,arial,verdana!important;font-size:21px!important;line-height:1em;color:#332e2e;}.education p,.education h3 a,.education2 h3 a{line-height:1.2em;position:relative;top:45px;display:-webkit-inline-box}.education{padding-bottom:60px} @media only screen and (min-width:1px) and (max-width:480px){.education p, .education h3 a, .education2 h3 a{font-size:30px;top:75px;}.education{padding-bottom:75px!important;}.education h2 {top: 80px;}.education li a{top:68px;font-size:30px;}.education{font-size:25px;line-height: 1.3em;}} Preguntas frecuentes Preguntas sobre los diamantes <\/p>\n<\/p>\n<p> \u00bfC\u00f3mo clasifico los diamantes? <\/p>\n<p> \u00bfVenden diamantes sueltos? <\/p>\n<p> \u00bfQu\u00e9 son los quilates [&#8230;]<\/p>\n","protected":false},"author":1,"featured_media":0,"parent":0,"menu_order":0,"comment_status":"closed","ping_status":"closed","template":"","meta":{"_acf_changed":false,"footnotes":""},"class_list":["post-13264","page","type-page","status-publish","hentry","odd"],"acf":[],"_links":{"self":[{"href":"https:\/\/www.antwerpor.com\/es\/wp-json\/wp\/v2\/pages\/13264","targetHints":{"allow":["GET"]}}],"collection":[{"href":"https:\/\/www.antwerpor.com\/es\/wp-json\/wp\/v2\/pages"}],"about":[{"href":"https:\/\/www.antwerpor.com\/es\/wp-json\/wp\/v2\/types\/page"}],"author":[{"embeddable":true,"href":"https:\/\/www.antwerpor.com\/es\/wp-json\/wp\/v2\/users\/1"}],"replies":[{"embeddable":true,"href":"https:\/\/www.antwerpor.com\/es\/wp-json\/wp\/v2\/comments?post=13264"}],"version-history":[{"count":13,"href":"https:\/\/www.antwerpor.com\/es\/wp-json\/wp\/v2\/pages\/13264\/revisions"}],"predecessor-version":[{"id":40446,"href":"https:\/\/www.antwerpor.com\/es\/wp-json\/wp\/v2\/pages\/13264\/revisions\/40446"}],"wp:attachment":[{"href":"https:\/\/www.antwerpor.com\/es\/wp-json\/wp\/v2\/media?parent=13264"}],"curies":[{"name":"wp","href":"https:\/\/api.w.org\/{rel}","templated":true}]}}