{"id":13168,"date":"2018-01-18T16:09:28","date_gmt":"2018-01-18T16:09:28","guid":{"rendered":"https:\/\/www.antwerpor.com\/como-limpiar-aretes-de-diamante-en-casa\/"},"modified":"2018-02-19T17:16:06","modified_gmt":"2018-02-19T17:16:06","slug":"como-limpiar-aretes-de-diamante-en-casa","status":"publish","type":"page","link":"https:\/\/www.antwerpor.com\/es\/como-limpiar-aretes-de-diamante-en-casa\/","title":{"rendered":"C\u00f3mo limpiar aretes de diamante en casa"},"content":{"rendered":"<div id=\"content2\">\n<div class=\"education\">\n<h2>C\u00f3mo limpiar aretes de diamante en casa<\/h2>\n<p><i>Aprenda los secretos para mantener su juego de aretes de diamante limpio y brillante, en casa y con la ayuda de productos regulares para el hogar.<\/i><br \/>\n&nbsp;<br \/>\n<strong>Una introducci\u00f3n<\/strong><br \/>\nUnos aretes tan especiales est\u00e1n hechos para ser atesorados, limpiados y cuidados con aprecio, pero una cosa que no puede evitarse es ensuciarlos. Con el uso frecuente, cualquier joya se ensucia y como resultado empieza a verse opaca. El aceite de nuestra piel y oreja queda atrapado en los aretes, ocasionando que se vean opacos y sin brillo. Pero la suciedad de los aretes no es el final del camino, pues existen muchas maneras de devolverles el brillo y resplandor con su limpieza. Muchos productos encontrados en el hogar pueden hacer un muy buen trabajo.<br \/>\n&nbsp;<br \/>\n<strong>Considere un kit de limpieza para joyer\u00eda<\/strong><br \/>\nLas joyas tienen su propio kit de limpieza que contiene soluciones capaces de limpiar los diamantes al disolver y aflojar los agentes pegajosos. Considere adquirir uno de estos kits si su joyer\u00eda se ensucia con frecuencia. Esta es una manera de prepararse y estar listo para cualquier ocasi\u00f3n en que necesite limpiar aretes y cualquier otro tipo de joyer\u00eda. Antes de comprar o usar una soluci\u00f3n de limpieza para joyer\u00eda, aseg\u00farese de leer las instrucciones para no da\u00f1ar las piezas, e incluso es de mayor importancia el hecho de que puede causar lesiones si hace contacto con la piel. Estos kits vienen usualmente con una serie de instrucciones sobre c\u00f3mo usarlos, pero no son en lo absoluto una necesidad. Esto puede hacerse en casa y con ingredientes encontrados en el hogar si ya cuenta con ellos.<br \/>\n &nbsp;<br \/>\n<strong>\u00a1Unas palabras de precauci\u00f3n antes de limpiar aretes de oro blanco!<\/strong><br \/>\nNo recomendamos el uso de ning\u00fan tipo de cepillo cuando limpie oro blanco. Si usa uno, corre el riesgo de remover el revestimiento de Rodio que se usa en la joyer\u00eda de oro blanco de m\u00e1s alta calidad y causar\u00e1 ara\u00f1azos y le quitar\u00e1 el brillo. Nosotros recomendamos que un joyero profesional se encargue de la limpieza de cualquier tipo de oro blanco (nuestros clientes pueden regresar para una limpieza profesional gratuita s\u00f3lo con mostrar el recibo de su compra), o en caso de que decida hacerlo usted, que no use m\u00e1s de un pa\u00f1o en t\u00e9rminos de fricci\u00f3n. Por favor evite el uso de cualquier cepillo cuando limpie sus aretes de diamante de oro blanco. Por supuesto, usted puede aun as\u00ed utilizar un cepillo que no sea demasiado duro para limpiar aretes de diamante de oro rosa y amarillo, en la comodidad de su hogar.<br \/>\n&nbsp;<br \/>\n<strong>\u00a1Unas palabras de precauci\u00f3n sobre los materiales adecuados para limpiar aretes de diamante!<\/strong><br \/>\nLos aretes de diamante usualmente tendr\u00e1n muchos diamantes incrustados en el oro, pues una peque\u00f1a minor\u00eda son aretes solitarios. Estos diamantes incrustados en el oro pueden atrapar pedacitos del material que usted use para limpiarlos, lo que ocasionar\u00e1 un efecto poco placentero (pues los pedacitos de tela se pueden asomar). Esto ocurre con bastante frecuencia, y por esa misma raz\u00f3n recomendamos usar una tela que no se rompa f\u00e1cilmente. Por ejemplo, el pa\u00f1o promedio dejar\u00e1 pedacitos de hilo durante el proceso de limpieza. Trate de usar una tela que no est\u00e9 fabricada con hilos demasiado delgados, sino con los gruesos.<br \/>\n&nbsp;<br \/>\n<strong>C\u00f3mo limpiar con ayuda de art\u00edculos regulares del hogar<\/strong><br \/>\nLa regla general es que, si usted cuenta con una soluci\u00f3n segura, debe verter una cantidad de soluci\u00f3n en un recipiente y dejar los aretes remojados durante un par de horas, de preferencia durante la noche. Posteriormente, s\u00e1quelos y enju\u00e1guelos con agua tibia, y s\u00e9quelos con un pa\u00f1o.<br \/>\nAdem\u00e1s de contar con una soluci\u00f3n segura para limpiar joyer\u00eda, es imperativo que tenga el pa\u00f1o y cepillo adecuados para limpiar sus aretes correctamente. Un cepillo duro puede da\u00f1ar sus aretes, por lo que \u00e9ste debe tener cerdas suaves, y el pa\u00f1o debe ser capaz de limpiar con delicadeza. En este caso, un cepillo de diente es suficiente, no un cepillo de alambre ni uno con cerdas gruesas, sino uno parecido a los cepillos para ni\u00f1os o los que est\u00e1n dise\u00f1ados espec\u00edficamente para limpiar joyer\u00eda. Cepillos de dientes ya usados pero limpios son otra buena opci\u00f3n, debido a que las cerdas est\u00e1n desgastadas. Si usted quiere secarlos, utilice un pa\u00f1o de microfibra, pues estos son suaves y pueden limpiar con delicadeza los aretes de diamante. Algunos modelos tienen un montaje fr\u00e1gil, si sus aretes son de este tipo, no se moleste en utilizar un cepillo.<br \/>\n&nbsp;<br \/>\nConsiga una superficie plana (como una mesa) para que cuente con el espacio suficiente para colocar un recipiente y una toalla. Tambi\u00e9n consiga una taza o un recipiente peque\u00f1o en el que pueda guardarlos. Aseg\u00farese de crear suficiente espacio para acomodar su equipo de limpieza. Dependiendo de qu\u00e9 tan t\u00f3xica es su soluci\u00f3n para limpieza, tal vez necesite usar guantes de hule. Tambi\u00e9n existen otros m\u00e9todos para limpiar joyer\u00eda de diamante adem\u00e1s del uso de una soluci\u00f3n l\u00edquida. Algunos de estos m\u00e9todos son descritos abajo:<br \/>\n&nbsp;<br \/>\n<strong>I. Uso de detergente para platos:<\/strong><br \/>\nEste m\u00e9todo es nuestro preferido para limpiar aretes de diamante si no tiene en casa un kit de limpieza disponible. Este m\u00e9todo es el mejor que puede usar en casa para regresarle el brillo a sus diamantes. El detergente para platos regular puede funcionar muy bien en lugar de las herramientas de limpieza especiales para joyer\u00eda. El detergente l\u00edquido contiene qu\u00edmicos que son \u00fatiles para remover aceites y grasas de los utensilios de cocina.  Esta misma suciedad es la que puede encontrarse en los diamantes, as\u00ed que por qu\u00e9 no usarlo tambi\u00e9n en nuestros accesorios. El detergente puede remover f\u00e1cilmente la suciedad y los aceites de los aretes de diamante. Para limpiarlos con detergente regular, consiga detergente (aproximadamente una cucharadita) que no contenga perfume ni colorante, pues esto puede da\u00f1arlos. Mezcle el detergente con agua tibia y revuelva hasta que se formen burbujas. Despu\u00e9s remoje sus aretes en la soluci\u00f3n l\u00edquida por cinco minutos, para aflojar los aceites y la suciedad. Cep\u00edllelos suavemente, luego rem\u00f3jelos por otros dos minutos. Remu\u00e9valos y enju\u00e1guelos con agua limpia.<br \/>\n &nbsp;<br \/>\n<strong>II. Uso de Windex<\/strong><br \/>\nEl uso de Windex es otra buena opci\u00f3n para limpiar sus aretes de diamante en casa. Simplemente roc\u00ede Windex en un cepillo o cepillo de dientes y cepille los aretes suavemente. Despu\u00e9s, l\u00edmpielos con agua y s\u00e9quelos con una tela suave, tan delicadamente como pueda. Cuando limpie, usted debe concentrarse en la limpieza de las partes interiores de su arete m\u00e1s que de las exteriores, esto porque los jabones, lociones y otros desechos tienden a acumularse m\u00e1s en las \u00e1reas escondidas que en la banda exterior.<br \/>\n&nbsp;<br \/>\n<strong>III. Uso de Amoniaco<\/strong><br \/>\nEl amoniaco es una de las formas m\u00e1s comunes de limpiar la joyer\u00eda estando en casa. \u00bfC\u00f3mo limpiar los aretes con amoniaco? Para ello, mezcle amoniaco con mucha agua, pero NO use agua caliente. Remoje los aretes en la soluci\u00f3n por veinte minutos. Aseg\u00farese de usar guantes para esta actividad. Despu\u00e9s, coloque los aretes en agua tibia y agregue una cucharadita de detergente l\u00edquido. Utilice un cepillo suave para tallarlos y enju\u00e1guelos con agua tibia. Quienes sean al\u00e9rgicos al amoniaco, pueden utilizar Lestoil en su lugar. Lestoil funciona de la misma manera que el amoniaco si se remoja las piezas en \u00e9l y se utiliza un cepillo de dientes suave. As\u00ed, usted puede remover la suciedad en poco tiempo. Este m\u00e9todo es ideal para personas al\u00e9rgicas al amoniaco.<br \/>\n&nbsp;<br \/>\n<strong>IV. Uso de agua carbonatada<\/strong><br \/>\nEl agua carbonatada es muy eficiente para hacer que diamantes y otras gemas recuperen su brillo, con solo mantenerlos remojados por varias horas. Coloque los aretes de diamante en una taza con agua carbonatada y d\u00e9jelos remojando durante la noche, proceso que debe devolverles su brillo y resplandor. Una alternativa es el uso de una tableta efervescente, s\u00f3lo d\u00e9jela caer en una taza con agua para formar la soluci\u00f3n. Despu\u00e9s, deje remojados los aretes por unos minutos y luego seque la joyer\u00eda.<br \/>\n&nbsp;<br \/>\n<strong>V. Uso de vodka:<\/strong><br \/>\nTambi\u00e9n puede usar vodka para limpiar los aretes de diamante desde la comodidad de su hogar. Remoje los aretes en un vaso con vodka y d\u00e9jelos remojar por dos minutos. Remu\u00e9valos y enju\u00e1guelos con agua tibia. Seque y pula los aretes con una tela que no tenga pelusas. En general, cualquier l\u00edquido que contenga un alto porcentaje de alcohol es bueno para remover manchas de cualquier tipo.<br \/>\n&nbsp;<br \/>\n<strong>VI. Uso de pasta de dientes<\/strong><br \/>\nLa pasta de dientes es otro art\u00edculo del hogar que puede ser usado para limpiar aretes. Aplique un poco de pasta de dientes sobre un cepillo de dientes con cerdas suaves y limpie los aretes con suavidad. El residuo que quede puede ser limpiado con un pa\u00f1o h\u00famedo. Esto no s\u00f3lo es eficiente, sino barato.<br \/>\n&nbsp;<br \/>\n<strong>VII. Considere hacerle una visita al joyero<\/strong><br \/>\nLa mayor\u00eda de los joyeros limpiar\u00e1n profesionalmente sus joyas si se las lleva. Dependiendo del joyero, los precios pueden ser muy bajos. Si usted viene por ejemplo a nuestra tienda, podemos limpiar sus aretes de diamante, con el nivel de profesionalidad m\u00e1s alto y en menos de una hora, \u00a1con un precio inicial de s\u00f3lo 20 euros! Si todas las dem\u00e1s opciones fallan, considere preguntarle a su joyero local por precios de limpieza para aretes de diamante o cualquier otra pieza de joyer\u00eda.\n<\/div>\n<\/div>\n","protected":false},"excerpt":{"rendered":"<p> C\u00f3mo limpiar aretes de diamante en casa <\/p>\n<p>Aprenda los secretos para mantener su juego de aretes de diamante limpio y brillante, en casa y con la ayuda de productos regulares para el hogar. &nbsp; Una introducci\u00f3n Unos aretes tan especiales est\u00e1n hechos para ser atesorados, limpiados y cuidados con aprecio, pero una cosa que [&#8230;]<\/p>\n","protected":false},"author":1,"featured_media":0,"parent":0,"menu_order":0,"comment_status":"closed","ping_status":"closed","template":"","meta":{"_acf_changed":false,"footnotes":""},"class_list":["post-13168","page","type-page","status-publish","hentry","odd"],"acf":[],"_links":{"self":[{"href":"https:\/\/www.antwerpor.com\/es\/wp-json\/wp\/v2\/pages\/13168","targetHints":{"allow":["GET"]}}],"collection":[{"href":"https:\/\/www.antwerpor.com\/es\/wp-json\/wp\/v2\/pages"}],"about":[{"href":"https:\/\/www.antwerpor.com\/es\/wp-json\/wp\/v2\/types\/page"}],"author":[{"embeddable":true,"href":"https:\/\/www.antwerpor.com\/es\/wp-json\/wp\/v2\/users\/1"}],"replies":[{"embeddable":true,"href":"https:\/\/www.antwerpor.com\/es\/wp-json\/wp\/v2\/comments?post=13168"}],"version-history":[{"count":1,"href":"https:\/\/www.antwerpor.com\/es\/wp-json\/wp\/v2\/pages\/13168\/revisions"}],"predecessor-version":[{"id":30681,"href":"https:\/\/www.antwerpor.com\/es\/wp-json\/wp\/v2\/pages\/13168\/revisions\/30681"}],"wp:attachment":[{"href":"https:\/\/www.antwerpor.com\/es\/wp-json\/wp\/v2\/media?parent=13168"}],"curies":[{"name":"wp","href":"https:\/\/api.w.org\/{rel}","templated":true}]}}